{"id":1319,"date":"2017-03-28T06:41:20","date_gmt":"2017-03-28T06:41:20","guid":{"rendered":"https:\/\/black-bikes.com\/?page_id=1319\/"},"modified":"2024-12-26T14:05:52","modified_gmt":"2024-12-26T13:05:52","slug":"sobre-nos","status":"publish","type":"page","link":"https:\/\/black-bikes.com\/pt-pt\/sobre-nos\/","title":{"rendered":"Sobre n\u00f3s"},"content":{"rendered":"A Black Bikes pertence a uma empresa chamada \u201cHet Zwarte Fietsenplan\u201d. Este \u00e9 um grande e conhecido revendedor na Holanda. A Het Zwarte Fietsenplan cria apenas bicicletas de alta qualidade, por isso mesmo as bicicletas de aluguer da Black Bikes s\u00e3o feitas \u00e0 m\u00e3o garantindo a m\u00e1xima qualidade.\r\n\r\nA Het Zwarte Fietsenplan vende bicicletas desde 2005. A empresa come\u00e7ou com uma loja apenas e agora tem 9 lojas na Holanda, sendo o objectivo crescer ainda mais. E a Black Bikes tamb\u00e9m est\u00e1 a expandir o seu mercado cada vez mais.\r\n\r\nA ideia da Black Bikes ao abrir lojas em novas \u00e0reas \u00e9 facilitar a experi\u00eancia do consumidor. Havendo mais lojas em diferentes localiza\u00e7\u00f5es \u00e9 quase um luxo alugar bicicletas na Black Bikes.\r\n\r\n&nbsp;\r\n\r\n<iframe loading=\"lazy\" src=\"https:\/\/www.youtube.com\/embed\/H6VaL7FidoI?showinfo=0\" width=\"560\" height=\"315\" frameborder=\"0\" allowfullscreen=\"allowfullscreen\" data-mce-fragment=\"1\"><\/iframe>\r\n\r\n<iframe loading=\"lazy\" src=\"https:\/\/www.youtube.com\/embed\/avv0Q6GsMgg?showinfo=0\" width=\"560\" height=\"315\" frameborder=\"0\" allowfullscreen=\"allowfullscreen\" data-mce-fragment=\"1\"><\/iframe>","protected":false},"excerpt":{"rendered":"<p>A Black Bikes pertence a uma empresa chamada \u201cHet Zwarte Fietsenplan\u201d. Este \u00e9 um grande e conhecido revendedor na Holanda. A Het Zwarte Fietsenplan cria apenas bicicletas de alta qualidade, por isso mesmo as bicicletas de aluguer da Black Bikes s\u00e3o feitas \u00e0 m\u00e3o garantindo a m\u00e1xima qualidade. A Het Zwarte Fietsenplan vende bicicletas desde [&hellip;]<\/p>\n","protected":false},"author":3,"featured_media":61440,"parent":0,"menu_order":33,"comment_status":"closed","ping_status":"closed","template":"","meta":{"_acf_changed":false,"footnotes":""},"class_list":["post-1319","page","type-page","status-publish","has-post-thumbnail","hentry"],"acf":[],"_links":{"self":[{"href":"https:\/\/black-bikes.com\/pt-pt\/wp-json\/wp\/v2\/pages\/1319","targetHints":{"allow":["GET"]}}],"collection":[{"href":"https:\/\/black-bikes.com\/pt-pt\/wp-json\/wp\/v2\/pages"}],"about":[{"href":"https:\/\/black-bikes.com\/pt-pt\/wp-json\/wp\/v2\/types\/page"}],"author":[{"embeddable":true,"href":"https:\/\/black-bikes.com\/pt-pt\/wp-json\/wp\/v2\/users\/3"}],"replies":[{"embeddable":true,"href":"https:\/\/black-bikes.com\/pt-pt\/wp-json\/wp\/v2\/comments?post=1319"}],"version-history":[{"count":2,"href":"https:\/\/black-bikes.com\/pt-pt\/wp-json\/wp\/v2\/pages\/1319\/revisions"}],"predecessor-version":[{"id":60176,"href":"https:\/\/black-bikes.com\/pt-pt\/wp-json\/wp\/v2\/pages\/1319\/revisions\/60176"}],"wp:featuredmedia":[{"embeddable":true,"href":"https:\/\/black-bikes.com\/pt-pt\/wp-json\/wp\/v2\/media\/61440"}],"wp:attachment":[{"href":"https:\/\/black-bikes.com\/pt-pt\/wp-json\/wp\/v2\/media?parent=1319"}],"curies":[{"name":"wp","href":"https:\/\/api.w.org\/{rel}","templated":true}]}}