{"id":1225,"date":"2016-12-11T13:15:42","date_gmt":"2016-12-11T13:15:42","guid":{"rendered":"https:\/\/black-bikes.com\/?page_id=1225\/"},"modified":"2025-03-14T04:22:14","modified_gmt":"2025-03-14T03:22:14","slug":"home","status":"publish","type":"page","link":"https:\/\/black-bikes.com\/pt-pt\/","title":{"rendered":"Aluguer de bicicletas em Amsterdam, Haia, Haarlem e Utrecht"},"content":{"rendered":"[vc_row no_margin=\"true\" padding_top=\"0px\" padding_bottom=\"0px\" bg_image=\"596\" bg_video=\"\" class=\"keyvisual\" style=\"\"][vc_column fade_animation_offset=\"45px\" width=\"1\/1\" id=\"\" class=\"\" style=\"\"][button shape=\"square\" size=\"regular\" href=\"https:\/\/shop.tilia.app\/8\/blackbikes\" title=\"Reserve Agora\" info_content=\"\" lightbox_caption=\"\" id=\"\" class=\"keyvisualbutton\" style=\"\"]<a href=\"https:\/\/blackbikes0001.cyclerent.com\/Regform.aspx\">Reserve Agora<\/a>[\/button][\/vc_column][\/vc_row][vc_row inner_container=\"true\" padding_top=\"0px\" padding_bottom=\"0px\" bg_video=\"\" class=\"bikes\" style=\"\"][vc_column fade_animation_offset=\"45px\" width=\"1\/4\"][image link=\"true\" src=\"35930\" alt=\"Handbrake Bike\" href=\"https:\/\/black-bikes.com\/bike\/handbrake-bike\/\" title=\"\" info_content=\"\" lightbox_caption=\"\" id=\"\" class=\"\" style=\"\"][text_output]\r\n<h4 style=\"text-align: center;\"><a href=\"https:\/\/black-bikes.com\/bike\/handbrake-bike\/\">Handbrake bike<\/a><\/h4>\r\n<p style=\"text-align: center;\"><span class=\"starting\">Starting at <strong>\u20ac10,50<\/strong><\/span><\/p>\r\n[\/text_output][\/vc_column][vc_column fade_animation_offset=\"45px\" width=\"1\/4\"][image link=\"true\" src=\"487\" alt=\"Pedal brake Bike\" href=\"https:\/\/black-bikes.com\/bike\/pedal-brake-bike\/\" title=\"\" info_content=\"\" lightbox_caption=\"\" id=\"\" class=\"\" style=\"\"][text_output]\r\n<h4 style=\"text-align: center;\"><a href=\"https:\/\/black-bikes.com\/bike\/pedal-brake-bike\/\">Pedal brake\u00a0bike<\/a><\/h4>\r\n<p style=\"text-align: center;\"><span class=\"starting\">Starting at <strong>\u20ac7,50<\/strong><\/span><\/p>\r\n[\/text_output][\/vc_column][vc_column fade_animation_offset=\"45px\" width=\"1\/4\"][image link=\"true\" src=\"488\" alt=\"Small Bike\" href=\"https:\/\/black-bikes.com\/bike\/small-bike-24-inch\/\" title=\"\" info_content=\"\" lightbox_caption=\"\" id=\"\" class=\"\" style=\"\"][text_output]\r\n<h4 style=\"text-align: center;\"><a href=\"https:\/\/black-bikes.com\/bike\/small-bike-24-inch\/\">Small bike<\/a><\/h4>\r\n<p style=\"text-align: center;\"><span class=\"starting\">Starting at <strong>\u20ac10,50<\/strong><\/span><\/p>\r\n[\/text_output][\/vc_column][vc_column fade_animation_offset=\"45px\" width=\"1\/4\"][vc_icon icon_fontawesome=\"fa fa-chevron-right\" color=\"black\" link=\"url:http%3A%2F%2Fblack-bikes.com%2Frental-bikes-amsterdam%2F||\" el_class=\"tobikes\"][image link=\"true\" src=\"489\" alt=\"Kids Bike\" href=\"https:\/\/black-bikes.com\/bike\/kids-bike\/\" title=\"\" info_content=\"\" lightbox_caption=\"\" id=\"\" class=\"\" style=\"\"][text_output]\r\n<h4 style=\"text-align: center;\"><a href=\"https:\/\/black-bikes.com\/pt-pt\/home\/kids-bike-2\/\">Kids bike<\/a><\/h4>\r\n<p style=\"text-align: center;\"><span class=\"starting\">Starting at <strong>\u20ac7,50<\/strong><\/span><\/p>\r\n[\/text_output][\/vc_column][\/vc_row][vc_row no_margin=\"true\" padding_top=\"0px\" padding_bottom=\"0px\" bg_video=\"\" class=\"map\" style=\"\"][vc_column fade_animation_offset=\"45px\" width=\"1\/1\" id=\"\" class=\"\" style=\"margin-right:0;\"][text_output][wpgmza id=\"1\"][\/text_output][\/vc_column][\/vc_row][vc_row no_margin=\"true\" padding_top=\"0px\" padding_bottom=\"0px\" marginless_columns=\"true\" bg_video=\"\" class=\"mapmenu\" style=\"\" bg_color=\"#f6f6f6\"][vc_column fade_animation_offset=\"45px\" width=\"1\/2\" id=\"\" class=\"\" style=\"margin-right:0; background: white;\"][container id=\"\" class=\"citymenu\" style=\"\"][text_output][menu name=\"cities\"][\/text_output][\/container][\/vc_column][vc_column fade_animation_offset=\"45px\" width=\"1\/2\" id=\"\" class=\"opening\" style=\"\"][vc_raw_html]JTNDc3Ryb25nJTNFQWJlcnRhJTNBJTNDJTJGc3Ryb25nJTNFJTNDdGltZSUyMGl0ZW1wcm9wJTNEJTIyb3BlbmluZ0hvdXJzJTIyJTIwY29udGVudCUzRCUyMk1vLUZyJTIwMDglM0EwMC0yMCUzQTAwJTIyJTNFZGUlMjBzZWd1bmRhJTIwYSUyMGRvbWluZ28lMjBkYXMlMjAwOSUzQTAwJTIwJUMzJUEwcyUyMDE4JTNBMDAlMjBob3JhcyUzQyUyRnRpbWUlM0UlMEElM0N0aW1lJTIwaXRlbXByb3AlM0QlMjJvcGVuaW5nSG91cnMlMjIlMjBjb250ZW50JTNEJTIyU2EtU3UlMjAwOSUzQTAwLTE5JTNBMDAlMjIlM0UlM0MlMkZ0aW1lJTNF[\/vc_raw_html][\/vc_column][\/vc_row][vc_row inner_container=\"true\" padding_top=\"0px\" padding_bottom=\"0px\" bg_video=\"\" class=\"reasons reviewband\" style=\"\"][vc_column fade_animation_offset=\"45px\" width=\"1\/3\"][text_output]\r\n<h3><a href=\"https:\/\/www.tripadvisor.nl\/Attraction_Review-g188590-d4996074-Reviews-Amsterdam_Black_Bikes-Amsterdam_North_Holland_Province.html\" target=\"_blank\" rel=\"noopener noreferrer\">Tripadvisor\r\nreviews<\/a><\/h3>\r\n<div id=\"TA_cdsratingsonlynarrow583\" class=\"TA_cdsratingsonlynarrow\">\r\n<ul id=\"ETzLQtrZZWb\" class=\"TA_links 23x3jXpa8p\">\r\n \t<li id=\"PtRMda\" class=\"P95Mz6cSCdw\"><a href=\"https:\/\/www.tripadvisor.nl\/Attraction_Review-g188590-d4996074-Reviews-Amsterdam_Black_Bikes-Amsterdam_North_Holland_Province.htm\" target=\"_blank\" rel=\"noopener noreferrer\"><img decoding=\"async\" src=\"https:\/\/www.tripadvisor.co.uk\/img\/cdsi\/img2\/branding\/tripadvisor_logo_transp_340x80-18034-2.png\" alt=\"TripAdvisor\" \/><\/a><\/li>\r\n<\/ul>\r\n<\/div>\r\n<script src=\"https:\/\/www.jscache.com\/wejs?wtype=cdsratingsonlynarrow&amp;uniq=583&amp;locationId=4996074&amp;lang=en_UK&amp;border=false&amp;display_version=2\"><\/script>[\/text_output][\/vc_column][vc_column fade_animation_offset=\"45px\" width=\"2\/3\"][slider animation=\"slide\" slide_time=\"5000\" slide_speed=\"650\" slideshow=\"true\" control_nav=\"true\" no_container=\"true\" id=\"\" class=\"tripslider\" style=\"\"][slide id=\"\" class=\"\" style=\"\"]\r\n<div class=\"review\">\r\n<div class=\"commentcontainer\">\r\n<h5 style=\"text-align: center;\">\"Good\u00a0flexible company\"<\/h5>\r\n<p style=\"text-align: center;\">Black bikes provide good quality bikes and organisation. Fair price and flexible over our timing. Insurance and locks additional and mandatory cost. Multiple locations to drop off bikes. Choice of back pedal brakes or handle bar brakes. Latter cost more. Back pedal easy to use.<\/p>\r\n\r\n<\/div>\r\n<\/div>\r\n<i class=\"fa fa-fw\">\uf005<\/i><i class=\"fa fa-fw\">\uf005<\/i><i class=\"fa fa-fw\">\uf005<\/i><i class=\"fa fa-fw\">\uf005<\/i><i class=\"fa fa-fw\">\uf005\u00a0<\/i> - Juliette G <a href=\"https:\/\/www.tripadvisor.com\/ShowUserReviews-g188590-d4996074-r462351860-Amsterdam_Black_Bikes-Amsterdam_North_Holland_Province.html#REVIEWS\" target=\"_blank\" rel=\"noopener noreferrer\">on Tripadvisor<\/a>[\/slide][slide id=\"\" class=\"\" style=\"\"]\r\n<div class=\"review\">\r\n<div class=\"commentcontainer\">\r\n<h5 style=\"text-align: center;\">\"Affordable Bike Rental\"<\/h5>\r\n<p style=\"text-align: center;\">The rental was affordable and the bike quality was good. I was not told how to adjust the bike seat, and they were out of baskets, but otherwise everything was fine.<\/p>\r\n\r\n<\/div>\r\n<\/div>\r\n<i class=\"fa fa-fw\">\uf005<\/i><i class=\"fa fa-fw\">\uf005<\/i><i class=\"fa fa-fw\">\uf005<\/i><i class=\"fa fa-fw\">\uf005<\/i><i class=\"fa fa-fw\">\uf006\u00a0<\/i> - Demi W <a href=\"https:\/\/www.tripadvisor.com\/ShowUserReviews-g188590-d4996074-r461781155-Amsterdam_Black_Bikes-Amsterdam_North_Holland_Province.html#REVIEWS\" target=\"_blank\" rel=\"noopener noreferrer\">on Tripadvisor<\/a>[\/slide][slide id=\"\" class=\"\" style=\"\"]\r\n<div class=\"review\">\r\n<div class=\"commentcontainer\">\r\n<h5 style=\"text-align: center;\">\"Highly Recommended\"<\/h5>\r\n<p style=\"text-align: center;\">Amsterdam is a city that you can see every part easily with a simple bike. They are here for this. Prices are cool and the bikes are well usable. You sign up online easily with a computer make your payment take your bike and go. If you are staying at the center, i highly recommend renting a bike. Car parking is very very expensive and they have strict rules.<\/p>\r\n\r\n<\/div>\r\n<\/div>\r\n<i class=\"fa fa-fw\">\uf005<\/i><i class=\"fa fa-fw\">\uf005<\/i><i class=\"fa fa-fw\">\uf005<\/i><i class=\"fa fa-fw\">\uf005<\/i><i class=\"fa fa-fw\">\uf005\u00a0<\/i> - turaccii\u00a0<a href=\"https:\/\/www.tripadvisor.co.uk\/ShowUserReviews-g188590-d4996074-r457338771-Amsterdam_Black_Bikes-Amsterdam_North_Holland_Province.html#CHECK_RATES_CONT\" target=\"_blank\" rel=\"noopener noreferrer\">on Tripadvisor<\/a>[\/slide][\/slider][\/vc_column][\/vc_row][vc_row padding_top=\"50px\" padding_bottom=\"50px\" bg_video=\"\" class=\"\" style=\"max-width:800px; margin:auto;\"][vc_column fade_animation_offset=\"45px\" width=\"1\/1\"][text_output]\r\n<h3 style=\"font-size: 16px!important;\"><strong>Aluguer de bicicletas em\u00a0Amsterdam, Haia,\u00a0Haarlem\u00a0e\u00a0Utrecht<\/strong><\/h3>\r\n<p style=\"margin-top: 10px!important; font-size: 15px!important;\">Est\u00e1 de visita a\u00a0Amsterdam\u00a0e quer alugar uma bicicleta? A Black Bikes \u00e9 o local ideal para si!\r\nS\u00f3 em Amsterdam s\u00e3o 15 lojas espalhadas por toda a cidade, por isso h\u00e1 sempre uma loja perto de si, mas temos tamb\u00e9m lojas em <a href=\"https:\/\/black-bikes.com\/pt-pt\/den-haag\/\">Haia<\/a>,\u00a0<a href=\"https:\/\/black-bikes.com\/pt-pt\/haarlem\/\">Haarlem\u00a0<\/a>e\u00a0<a href=\"https:\/\/black-bikes.com\/pt-pt\/utrecht\/\">Utrecht<\/a>. E pode devolver a sua bicicleta em qualquer umas destas\u00a0localizacoes.<\/p>\r\n\r\n<h3 style=\"font-size: 16px!important; margin-top: 25px!important;\"><strong>Diferentes tipos de bicicletas para alugar em Amsterdam<\/strong><\/h3>\r\n<p style=\"margin-top: 10px!important; font-size: 15px!important;\">Al\u00e9m de bicicletas regulares com quadro de <a href=\"https:\/\/black-bikes.com\/pt-pt\/bicicleta\/gentlemens-bike\/\">homem <\/a>e de senhora, na Black Bikes encontra tamb\u00e9m <a href=\"https:\/\/black-bikes.com\/pt-pt\/bicicleta\/e-bike\/\">bicicletas el\u00e9tricas<\/a>, <a href=\"https:\/\/black-bikes.com\/pt-pt\/bicicleta\/kids-bike\/\">bicicletas para crian\u00e7as<\/a>, <a href=\"https:\/\/black-bikes.com\/pt-pt\/bicicleta\/tandem-bike-adult\/\">tandems <\/a>e <a href=\"https:\/\/black-bikes.com\/pt-pt\/bicicleta\/cargo-bike\/\">bicicletas de carga<\/a>. Temos tamb\u00e9m cadeiras porta-crian\u00e7a para a parte da <a href=\"https:\/\/black-bikes.com\/pt-pt\/bicicleta\/front-seat\/\">frente<\/a> (para beb\u00e9s mais pequenos) ou para <a href=\"https:\/\/black-bikes.com\/pt-pt\/bicicleta\/banco-traseiro\/\">tr\u00e1s<\/a>. Tem ainda a possibilidade de escolher <a href=\"https:\/\/black-bikes.com\/pt-pt\/bicicleta\/small-bikes-inch-wheel-24\/\">uma bicicleta um pouco menor <\/a>(24 polegadas) e entre uma bicicleta com <a href=\"https:\/\/black-bikes.com\/pt-pt\/bicicleta\/bicicleta-_com_travao_de_mao\/\">trav\u00f5es de m\u00e3o<\/a> ou com <a href=\"https:\/\/black-bikes.com\/pt-pt\/bicicleta\/bicicleta-com-travao-de-pedal\/\">trav\u00f5es de pedal<\/a>.<\/p>\r\n\r\n<h3 style=\"font-size: 16px!important; margin-top: 25px!important;\"><strong>Porqu\u00ea alugar uma bicicleta na Black Bikes?<\/strong><\/h3>\r\n<ul style=\"margin-top: 10px!important; font-size: 15px!important;\">\r\n \t<li>Porque oferecemos a maior escolha de bicicletas de Amsterdam e porque somos conhecidos pelo nosso excelente servi\u00e7o. A nossa equipa qualificada e prest\u00e1vel pode ajud\u00e1-lo com qualquer d\u00favida sobre as bicicletas e dar-lhe os melhores conselhos e dicas sobre a cidade.<\/li>\r\n \t<li>Porque na Black Bikes pode levantar a sua bicicleta em qualquer uma das nossas lojas e devolver na que lhe for mais conveniente.<\/li>\r\n \t<li>Porque temos os hor\u00e1rios de funcionamento mais alargados: <span lang=\"pt\"><span lang=\"pt\">aberto sete dias por semana <\/span><\/span><span lang=\"pt\">das 9h \u00e0s 18h.<\/span><\/li>\r\n \t<li>Porque as nossas bicicletas s\u00e3o de alta qualidade e est\u00e3o em excelente estado, garantindo um passeio agrad\u00e1vel e seguro. Al\u00e9m disso s\u00e3o as mais discretas, confundindo-se facilmente com as bicicletas dos locais.<\/li>\r\n \t<li>Porque pode alugar uma bicicleta por a partir de seis euros e por tr\u00eas euros fazer um seguro contra danos e roubo.<\/li>\r\n<\/ul>\r\n<h3 style=\"font-size: 16px!important; margin-top: 25px!important;\"><strong>Sobre a Black Bikes<\/strong><\/h3>\r\n<p style=\"margin-top: 10px!important; font-size: 15px!important;\">O aluguer de bicicletas Black Bikes come\u00e7ou em 2005 com a nossa primeira loja em Amsterdam.A nossa combina\u00e7\u00e3o de servi\u00e7o de qualidade com pre\u00e7os acess\u00edveis rapidamente se tornou um sucesso e hoje somos a maior empresa de aluguer de bicicletas em Amsterdam com 16 lojas e mais de 2.000 bicicletas.<\/p>\r\n<p style=\"margin-top: 10px!important; font-size: 15px!important;\">Black Bikes faz parte da Het Zwarte Fietsenplan, uma cadeia de lojas de repara\u00e7\u00e3o de bicicletas. Com mais de 300.000 reparos efetuados, somos especialistas no que respeita a bicicletas urbanas.<\/p>\r\n\r\n<h3 style=\"font-size: 16px!important; margin-top: 25px!important;\"><strong>Porque alugar uma bicicleta em Amsterdam <\/strong><\/h3>\r\n<p style=\"margin-top: 10px!important; font-size: 15px!important;\">Amsterdam \u00e9 uma cidade plana e tem uma excelente rede de ciclovias. \u00c9 conhecida mundialmente como a cidade mais amig\u00e1vel para as bicicletas do mundo!\r\nAndar de bicicleta \u00e9 ent\u00e3o a melhor maneira de descobrir Amsterdam e experimentar a cidade como um habitante local. \u00c9 tamb\u00e9m o meio de transporte mais eficiente e que lhe permite que veja o que quiser da cidade.<\/p>\r\n<p style=\"margin-top: 10px!important; font-size: 15px!important;\">A Black Bikes coopera ainda com parceiros que oferecem passeios de bicicleta guiados pela cidade e seus arredores. Esses passeios oferecem a oportunidade de ver todos os destaques de uma maneira descontra\u00edda e divertida.<\/p>\r\n<p style=\"margin-top: 10px!important; font-size: 15px!important;\"><img loading=\"lazy\" decoding=\"async\" class=\"alignnone size-medium wp-image-19969\" src=\"https:\/\/black-bikes.com\/wp-content\/uploads\/2016\/12\/Alguilar-bicicletas-Amsterdam-300x135.jpg\" alt=\"Alguilar bicicletas Amsterdam\" width=\"300\" height=\"135\" \/><\/p>\r\n[\/text_output][\/vc_column][\/vc_row]","protected":false},"excerpt":{"rendered":"<p>[vc_row no_margin=&#8221;true&#8221; padding_top=&#8221;0px&#8221; padding_bottom=&#8221;0px&#8221; bg_image=&#8221;596&#8243; bg_video=&#8221;&#8221; class=&#8221;keyvisual&#8221; style=&#8221;&#8221;][vc_column fade_animation_offset=&#8221;45px&#8221; width=&#8221;1\/1&#8243; id=&#8221;&#8221; class=&#8221;&#8221; style=&#8221;&#8221;][button shape=&#8221;square&#8221; size=&#8221;regular&#8221; href=&#8221;https:\/\/shop.tilia.app\/8\/blackbikes&#8221; title=&#8221;Reserve Agora&#8221; info_content=&#8221;&#8221; lightbox_caption=&#8221;&#8221; id=&#8221;&#8221; class=&#8221;keyvisualbutton&#8221; style=&#8221;&#8221;]Reserve Agora[\/button][\/vc_column][\/vc_row][vc_row inner_container=&#8221;true&#8221; padding_top=&#8221;0px&#8221; padding_bottom=&#8221;0px&#8221; bg_video=&#8221;&#8221; class=&#8221;bikes&#8221; style=&#8221;&#8221;][vc_column fade_animation_offset=&#8221;45px&#8221; width=&#8221;1\/4&#8243;][image link=&#8221;true&#8221; src=&#8221;35930&#8243; alt=&#8221;Handbrake Bike&#8221; href=&#8221;https:\/\/black-bikes.com\/bike\/handbrake-bike\/&#8221; title=&#8221;&#8221; info_content=&#8221;&#8221; lightbox_caption=&#8221;&#8221; id=&#8221;&#8221; class=&#8221;&#8221; style=&#8221;&#8221;][text_output] Handbrake bike Starting at \u20ac10,50 [\/text_output][\/vc_column][vc_column fade_animation_offset=&#8221;45px&#8221; width=&#8221;1\/4&#8243;][image link=&#8221;true&#8221; src=&#8221;487&#8243; alt=&#8221;Pedal brake [&hellip;]<\/p>\n","protected":false},"author":1,"featured_media":0,"parent":0,"menu_order":45,"comment_status":"closed","ping_status":"closed","template":"","meta":{"_acf_changed":false,"footnotes":""},"class_list":["post-1225","page","type-page","status-publish","hentry"],"acf":[],"_links":{"self":[{"href":"https:\/\/black-bikes.com\/pt-pt\/wp-json\/wp\/v2\/pages\/1225","targetHints":{"allow":["GET"]}}],"collection":[{"href":"https:\/\/black-bikes.com\/pt-pt\/wp-json\/wp\/v2\/pages"}],"about":[{"href":"https:\/\/black-bikes.com\/pt-pt\/wp-json\/wp\/v2\/types\/page"}],"author":[{"embeddable":true,"href":"https:\/\/black-bikes.com\/pt-pt\/wp-json\/wp\/v2\/users\/1"}],"replies":[{"embeddable":true,"href":"https:\/\/black-bikes.com\/pt-pt\/wp-json\/wp\/v2\/comments?post=1225"}],"version-history":[{"count":8,"href":"https:\/\/black-bikes.com\/pt-pt\/wp-json\/wp\/v2\/pages\/1225\/revisions"}],"predecessor-version":[{"id":65840,"href":"https:\/\/black-bikes.com\/pt-pt\/wp-json\/wp\/v2\/pages\/1225\/revisions\/65840"}],"wp:attachment":[{"href":"https:\/\/black-bikes.com\/pt-pt\/wp-json\/wp\/v2\/media?parent=1225"}],"curies":[{"name":"wp","href":"https:\/\/api.w.org\/{rel}","templated":true}]}}