{"id":1216,"date":"2016-12-11T13:15:42","date_gmt":"2016-12-11T13:15:42","guid":{"rendered":"https:\/\/black-bikes.com\/?page_id=1216\/"},"modified":"2025-03-19T01:50:18","modified_gmt":"2025-03-19T00:50:18","slug":"home","status":"publish","type":"page","link":"https:\/\/black-bikes.com\/it\/","title":{"rendered":"Noleggio Bici ad Amsterdam, Den Haag, Haarlem ed Utrecht"},"content":{"rendered":"<p>[vc_row no_margin=\"true\" padding_top=\"0px\" padding_bottom=\"0px\" bg_image=\"596\" bg_video=\"\" class=\"keyvisual\" style=\"\"][vc_column fade_animation_offset=\"45px\" width=\"1\/1\" id=\"\" class=\"\" style=\"\"][button shape=\"square\" size=\"regular\" href=\"https:\/\/shop.tilia.app\/8\/blackbikes\" title=\"Prenota ora\" info_content=\"\" lightbox_caption=\"\" id=\"\" class=\"keyvisualbutton\" style=\"\"]Prenota ora[\/button][\/vc_column][\/vc_row][vc_row inner_container=\"true\" padding_top=\"0px\" padding_bottom=\"0px\" bg_video=\"\" class=\"bikes\" style=\"\"][vc_column fade_animation_offset=\"45px\" width=\"1\/4\"][image link=\"true\" src=\"35930\" alt=\"Handbrake Bike\" href=\"https:\/\/black-bikes.com\/it\/bicicletta\/bicicletta-coi-freni-sul-manubrio\/\" title=\"\" info_content=\"\" lightbox_caption=\"\" id=\"\" class=\"\" style=\"\"][text_output]<\/p>\r\n<h4 style=\"text-align: center;\"><a href=\"https:\/\/black-bikes.com\/it\/bicicletta\/bicicletta-coi-freni-sul-manubrio\/\">Bici con freno manuale<\/a><\/h4>\r\n<p style=\"text-align: center;\"><span class=\"starting\">Da\u00a0<strong>\u20ac10,50<\/strong><\/span><\/p>\r\n<p>[\/text_output][\/vc_column][vc_column fade_animation_offset=\"45px\" width=\"1\/4\"][image link=\"true\" src=\"487\" alt=\"Pedal brake Bike\" href=\"https:\/\/black-bikes.com\/bike\/pedal-brake-bike\/\" title=\"\" info_content=\"\" lightbox_caption=\"\" id=\"\" class=\"\" style=\"\"][text_output]<\/p>\r\n<h4 style=\"text-align: center;\"><a href=\"https:\/\/black-bikes.com\/it\/bicicletta\/bicicletta-da-uomo\/\">Bici con freno a pedale <\/a><\/h4>\r\n<p style=\"text-align: center;\"><span class=\"starting\">Da <strong>\u20ac7,50<\/strong><\/span><\/p>\r\n<p>[\/text_output][\/vc_column][vc_column fade_animation_offset=\"45px\" width=\"1\/4\"][image link=\"true\" src=\"488\" alt=\"Small Bike\" href=\"https:\/\/black-bikes.com\/bike\/small-bike-24-inch\/\" title=\"\" info_content=\"\" lightbox_caption=\"\" id=\"\" class=\"\" style=\"\"][text_output]<\/p>\r\n<h4 style=\"text-align: center;\"><a href=\"https:\/\/black-bikes.com\/it\/bicicletta\/bicicletta-piccola-24-inch\/\">Bicicletta piccola<\/a><\/h4>\r\n<p style=\"text-align: center;\"><span class=\"starting\">Da <strong>\u20ac10,50<\/strong><\/span><\/p>\r\n<p>[\/text_output][\/vc_column][vc_column fade_animation_offset=\"45px\" width=\"1\/4\"][vc_icon icon_fontawesome=\"fa fa-chevron-right\" color=\"black\" link=\"url:http%3A%2F%2Fblack-bikes.com%2Frental-bikes-amsterdam%2F||\" el_class=\"tobikes\"][image link=\"true\" src=\"489\" alt=\"Kids Bike\" href=\"https:\/\/black-bikes.com\/bike\/kids-bike\/\" title=\"\" info_content=\"\" lightbox_caption=\"\" id=\"\" class=\"\" style=\"\"][text_output]<\/p>\r\n<h4 style=\"text-align: center;\"><a href=\"https:\/\/black-bikes.com\/it\/bicicletta\/bici-da-bambino\/\">Bici da bambino<\/a><\/h4>\r\n<p style=\"text-align: center;\"><span class=\"starting\">Da <strong>\u20ac7,50<\/strong><\/span><\/p>\r\n<p>[\/text_output][\/vc_column][\/vc_row][vc_row no_margin=\"true\" padding_top=\"0px\" padding_bottom=\"0px\" bg_video=\"\" class=\"map\" style=\"\"][vc_column fade_animation_offset=\"45px\" width=\"1\/1\" id=\"\" class=\"\" style=\"margin-right:0;\"][text_output][wpgmza id=\"1\"][\/text_output][\/vc_column][\/vc_row][vc_row no_margin=\"true\" padding_top=\"0px\" padding_bottom=\"0px\" marginless_columns=\"true\" bg_video=\"\" class=\"mapmenu\" style=\"\" bg_color=\"#f6f6f6\"][vc_column fade_animation_offset=\"45px\" width=\"1\/2\" id=\"\" class=\"\" style=\"margin-right:0; background: white;\"][container id=\"\" class=\"citymenu\" style=\"\"][text_output] [menu name=\"cities\"][\/text_output][\/container][\/vc_column][vc_column fade_animation_offset=\"45px\" width=\"1\/2\" id=\"\" class=\"opening\" style=\"\"][vc_raw_html]JTNDc3Ryb25nJTNFQXBlcnRvJTNBJTNDJTJGc3Ryb25nJTNFJTNDdGltZSUyMGl0ZW1wcm9wJTNEJTIyb3BlbmluZ0hvdXJzJTIyJTIwY29udGVudCUzRCUyMk1vLUZyJTIwMDglM0EwMC0yMCUzQTAwJTIyJTNFbHUtdmUlMjAwOCUzQTMwLTE4JTNBMzAlM0MlMkZ0aW1lJTNFJTNDdGltZSUyMGl0ZW1wcm9wJTNEJTIyb3BlbmluZ0hvdXJzJTIyJTIwJTBBY29udGVudCUzRCUyMlNhLVN1JTIwMDklM0EwMC0xOSUzQTAwJTIyJTNFc2EtZG8lMjAwOCUzQTAwLTE4JTNBMDAlM0MlMkZ0aW1lJTNF[\/vc_raw_html][\/vc_column][\/vc_row][vc_row inner_container=\"true\" padding_top=\"0px\" padding_bottom=\"0px\" bg_video=\"\" class=\"reasons reviewband\" style=\"\"][vc_column fade_animation_offset=\"45px\" width=\"1\/3\"][text_output]<\/p>\r\n<h3><a href=\"https:\/\/www.tripadvisor.nl\/Attraction_Review-g188590-d4996074-Reviews-Amsterdam_Black_Bikes-Amsterdam_North_Holland_Province.html\" target=\"_blank\" rel=\"noopener noreferrer\">Tripadvisor<br \/>reviews<\/a><\/h3>\r\n<div id=\"TA_cdsratingsonlynarrow583\" class=\"TA_cdsratingsonlynarrow\">\r\n<ul id=\"ETzLQtrZZWb\" class=\"TA_links 23x3jXpa8p\">\r\n<li id=\"PtRMda\" class=\"P95Mz6cSCdw\"><a href=\"https:\/\/www.tripadvisor.nl\/Attraction_Review-g188590-d4996074-Reviews-Amsterdam_Black_Bikes-Amsterdam_North_Holland_Province.htm\" target=\"_blank\" rel=\"noopener noreferrer\"><img decoding=\"async\" src=\"https:\/\/www.tripadvisor.co.uk\/img\/cdsi\/img2\/branding\/tripadvisor_logo_transp_340x80-18034-2.png\" alt=\"TripAdvisor\" \/><\/a><\/li>\r\n<\/ul>\r\n<\/div>\r\n<p><script src=\"https:\/\/www.jscache.com\/wejs?wtype=cdsratingsonlynarrow&amp;uniq=583&amp;locationId=4996074&amp;lang=en_UK&amp;border=false&amp;display_version=2\"><\/script>[\/text_output][\/vc_column][vc_column fade_animation_offset=\"45px\" width=\"2\/3\"][slider animation=\"slide\" slide_time=\"5000\" slide_speed=\"650\" slideshow=\"true\" control_nav=\"true\" no_container=\"true\" id=\"\" class=\"tripslider\" style=\"\"][slide id=\"\" class=\"\" style=\"\"]<\/p>\r\n<div class=\"review\">\r\n<div class=\"commentcontainer\">\r\n<h5 style=\"text-align: center;\">\"Good\u00a0flexible company\"<\/h5>\r\n<p style=\"text-align: center;\">Black bikes provide good quality bikes and organisation. Fair price and flexible over our timing. Insurance and locks additional and mandatory cost. Multiple locations to drop off bikes. Choice of back pedal brakes or handle bar brakes. Latter cost more. Back pedal easy to use.<\/p>\r\n<\/div>\r\n<\/div>\r\n<p><i class=\"fa fa-fw\">\uf005<\/i><i class=\"fa fa-fw\">\uf005<\/i><i class=\"fa fa-fw\">\uf005<\/i><i class=\"fa fa-fw\">\uf005<\/i><i class=\"fa fa-fw\">\uf005\u00a0<\/i> - Juliette G <a href=\"https:\/\/www.tripadvisor.com\/ShowUserReviews-g188590-d4996074-r462351860-Amsterdam_Black_Bikes-Amsterdam_North_Holland_Province.html#REVIEWS\" target=\"_blank\" rel=\"noopener noreferrer\">on Tripadvisor<\/a>[\/slide][slide id=\"\" class=\"\" style=\"\"]<\/p>\r\n<div class=\"review\">\r\n<div class=\"commentcontainer\">\r\n<h5 style=\"text-align: center;\">\"Affordable Bike Rental\"<\/h5>\r\n<p style=\"text-align: center;\">The rental was affordable and the bike quality was good. I was not told how to adjust the bike seat, and they were out of baskets, but otherwise everything was fine.<\/p>\r\n<\/div>\r\n<\/div>\r\n<p><i class=\"fa fa-fw\">\uf005<\/i><i class=\"fa fa-fw\">\uf005<\/i><i class=\"fa fa-fw\">\uf005<\/i><i class=\"fa fa-fw\">\uf005<\/i><i class=\"fa fa-fw\">\uf006\u00a0<\/i> - Demi W <a href=\"https:\/\/www.tripadvisor.com\/ShowUserReviews-g188590-d4996074-r461781155-Amsterdam_Black_Bikes-Amsterdam_North_Holland_Province.html#REVIEWS\" target=\"_blank\" rel=\"noopener noreferrer\">on Tripadvisor<\/a>[\/slide][slide id=\"\" class=\"\" style=\"\"]<\/p>\r\n<div class=\"review\">\r\n<div class=\"commentcontainer\">\r\n<h5 style=\"text-align: center;\">\"Highly Recommended\"<\/h5>\r\n<p style=\"text-align: center;\">Amsterdam is a city that you can see every part easily with a simple bike. They are here for this. Prices are cool and the bikes are well usable. You sign up online easily with a computer make your payment take your bike and go. If you are staying at the center, i highly recommend renting a bike. Car parking is very very expensive and they have strict rules.<\/p>\r\n<\/div>\r\n<\/div>\r\n<p><i class=\"fa fa-fw\">\uf005<\/i><i class=\"fa fa-fw\">\uf005<\/i><i class=\"fa fa-fw\">\uf005<\/i><i class=\"fa fa-fw\">\uf005<\/i><i class=\"fa fa-fw\">\uf005\u00a0<\/i> - turaccii\u00a0<a href=\"https:\/\/www.tripadvisor.co.uk\/ShowUserReviews-g188590-d4996074-r457338771-Amsterdam_Black_Bikes-Amsterdam_North_Holland_Province.html#CHECK_RATES_CONT\" target=\"_blank\" rel=\"noopener noreferrer\">on Tripadvisor<\/a>[\/slide][\/slider][\/vc_column][\/vc_row][vc_row padding_top=\"50px\" padding_bottom=\"50px\" bg_video=\"\" class=\"\" style=\"max-width:800px; margin:auto;\"][vc_column fade_animation_offset=\"45px\" width=\"1\/1\"][text_output]<\/p>\r\n<h3 style=\"font-size: 16px!important;\"><strong>Noleggio Bici ad Amsterdam, Den Haag, Haarlem ed Utrecht<\/strong><\/h3>\r\n<p style=\"margin-top: 10px!important; font-size: 15px!important;\">Stai pensando di affittare una bici ad Amsterdam? Black Bikes \u00e9 il posto giusto per te. Soltanto ad Amsterdam abbiamo 16 differenti punti noleggio, per cui ne troverai sempre uno vicino a te. Abbiamo anche punti noleggio in <a href=\"https:\/\/black-bikes.com\/it\/the-hague-den-haag\/\">Den Haag<\/a>, <a href=\"https:\/\/black-bikes.com\/it\/haarlem\/\">Haarlem <\/a>ed <a href=\"https:\/\/black-bikes.com\/it\/utrecht\/\">Utrecht<\/a>. E puoi ritornare le tue bici noleggiate in ogni nostro punto di noleggio.<\/p>\r\n<h3 style=\"font-size: 16px!important; margin-top: 25px!important;\"><strong>Diversi modelli di bici da poter affittare ad Amsterdam<\/strong><\/h3>\r\n<p style=\"margin-top: 10px!important; font-size: 15px!important;\">Oltre alle normali bici da donna e da <a href=\"https:\/\/black-bikes.com\/it\/bicicletta\/bicicletta-da-uomo\/\">uomo<\/a> puoi anche affittare <a href=\"https:\/\/black-bikes.com\/it\/bicicletta\/bicicletta-elettrica\/\">bici elettriche<\/a>, <a href=\"https:\/\/black-bikes.com\/it\/bicicletta\/bici-da-bambino\/\">bici per bambini<\/a>, <a href=\"https:\/\/black-bikes.com\/it\/bicicletta\/tandem-per-adulti\/\">tandem<\/a>, e <a href=\"https:\/\/black-bikes.com\/it\/bicicletta\/cargo-bici\/\">bici da trasporto<\/a> presso i negozi della Black Bikes di Amsterdam. Oppure puoi noleggiare una <a href=\"https:\/\/black-bikes.com\/it\/bicicletta\/bicicletta-piccola-24-inch\/\">bici che ha un telaio leggermente pi\u00fa piccolo<\/a> rispetto a quelle normali (misura 24).<\/p>\r\n<p style=\"margin-top: 10px!important; font-size: 15px!important;\">Oltretutto, noi abbiamo a disposizione bici con sediolini <a href=\"https:\/\/black-bikes.com\/it\/bicicletta\/front-seat\/\">frontali<\/a> e <a href=\"https:\/\/black-bikes.com\/it\/bicicletta\/back-seat\/\">posteriori<\/a>. Ed inoltre puoi scegliere tra due tipi diversi di bici: con <a href=\"https:\/\/black-bikes.com\/it\/bicicletta\/bicicletta-interamente-a-pedali\/\">il freno a contropedale oppure<\/a> con <a href=\"https:\/\/black-bikes.com\/it\/bicicletta\/bicicletta-coi-freni-sul-manubrio\/\">il freno manuale<\/a>.<\/p>\r\n<p style=\"margin-top: 10px!important; font-size: 15px!important;\">In breve noi offriamo la scelta pi\u00fa vasta di bici nei nostri punti noleggio di Amsterdam!<\/p>\r\n<h3 style=\"font-size: 16px!important; margin-top: 25px!important;\"><strong>Perch\u00e9 affittare una bici alla Black Bikes?<\/strong><\/h3>\r\n<ul style=\"margin-top: 10px!important; font-size: 15px!important;\">\r\n<li>Noi siamo conosciuti per l\u2019eccelenza del nostro servizio. Il nostro staff amichevole e qualificato pu\u00f3 aiutarti con qualsiasi tipo di domanda riguardante le nostre bici e la citt\u00e1.<\/li>\r\n<li>Puoi ritornare le nostre bici noleggiate in uno dei nostri 16 punti di noleggio di Amsterdam. Abbiamo il pi\u00fa lungo orario di apertura: nei giorni feriali dalle 08:30 alle 18:30, nei fine settimana dalle 09:00 alle 18:00.<\/li>\r\n<li>Le nostre bici sono il massimo della qualit\u00e1 ed in ottimi condizioni. Questo garantisce una piacevole pedalata.<\/li>\r\n<li>Con solo 3,75 euro in pi\u00fa sarai coperto da un\u2019assicurazione contro tutti i danni alle bici e contro i ladri.<\/li>\r\n<\/ul>\r\n<p style=\"margin-top: 10px!important; font-size: 15px!important;\">Puoi noleggiare una bici partendo con soli 7,50 euro!<\/p>\r\n<h3 style=\"font-size: 16px!important; margin-top: 25px!important;\"><strong>Informazioni sulla compagnia di noleggio Black Bikes<\/strong><\/h3>\r\n<p style=\"margin-top: 10px!important; font-size: 15px!important;\">La Black Bikes ha inziato nel 2005 con il \u00a0primo punto di noleggio ad Amsterdam. La giusta combinazione tra la qualit\u00e1 dei nostri servizi e l\u2019accesibilit\u00e1 dei nostri prezzi \u00e9 diventata presto un successo ed oggi noi siamo la pi\u00fa grande compagnia di noleggio bici di Amsterdam con i nostri 16 punti ed oltre 2000 bici di affitto.<\/p>\r\n<p style=\"margin-top: 10px!important; font-size: 15px!important;\">Black Bikes \u00e9 parte della Het Zwarte Fietsenplan, una compagnia basata su di una catena di negozi di bici. Noi siamo gli specialisti delle bici urbane. Oltre 300.000 bici in riparazione per cui non siamo una sorpresa ma una grande realt\u00e1.<\/p>\r\n<h3 style=\"font-size: 16px!important; margin-top: 25px!important;\"><strong>Perch\u00e9 noleggiare una bici ad Amsterdam?<\/strong><\/h3>\r\n<p style=\"margin-top: 10px!important; font-size: 15px!important;\">Pedalare un bici \u00e9 il modo migliore per scoprire la citt\u00e1 di Amsterdam e sentirsi come un locale. Inoltre \u00e9 il mezzo di trasporto pi\u00fa efficiente ad Amsterdam grazie al quale si pu\u00f3 vedere tutto quello che si desidera della citt\u00e1. Amsterdam ha un\u2019eccellente rete di piste ciclabili e non ci sono colline da scalare. Amsterdam \u00e9 riconosciuta come la citt\u00e1 pi\u00fa confortevole al mondo per quanto riguarda il settore bici!<\/p>\r\n<p style=\"margin-top: 10px!important; font-size: 15px!important;\">Black Bikes coopera con soci che offrono giri guidati in bici attraverso la citt\u00e1 e tutti i suoi dintorni. Questi giri guidati ti offrono la possibilit\u00e1 di vedere tutte le bellezze di Amsterdam in modo piacevole e rilassante.<\/p>\r\n<p style=\"margin-top: 10px!important; font-size: 15px!important;\"><img loading=\"lazy\" decoding=\"async\" class=\"alignnone size-medium wp-image-19964\" src=\"https:\/\/black-bikes.com\/wp-content\/uploads\/2016\/12\/Noleggio-biciclette-Amsterdam-300x135.jpg\" alt=\"Noleggio biciclette Amsterdam\" width=\"300\" height=\"135\" \/><\/p>\r\n<p>[\/text_output][\/vc_column][\/vc_row][vc_row padding_top=\"0px\" padding_bottom=\"0px\"][vc_column fade_animation_offset=\"45px\"][vc_column_text]<\/p>\r\n<p>&nbsp;<\/p>\r\n<p>[\/vc_column_text][\/vc_column][\/vc_row]<\/p>","protected":false},"excerpt":{"rendered":"<p>[vc_row no_margin=&#8221;true&#8221; padding_top=&#8221;0px&#8221; padding_bottom=&#8221;0px&#8221; bg_image=&#8221;596&#8243; bg_video=&#8221;&#8221; class=&#8221;keyvisual&#8221; style=&#8221;&#8221;][vc_column fade_animation_offset=&#8221;45px&#8221; width=&#8221;1\/1&#8243; id=&#8221;&#8221; class=&#8221;&#8221; style=&#8221;&#8221;][button shape=&#8221;square&#8221; size=&#8221;regular&#8221; href=&#8221;https:\/\/shop.tilia.app\/8\/blackbikes&#8221; title=&#8221;Prenota ora&#8221; info_content=&#8221;&#8221; lightbox_caption=&#8221;&#8221; id=&#8221;&#8221; class=&#8221;keyvisualbutton&#8221; style=&#8221;&#8221;]Prenota ora[\/button][\/vc_column][\/vc_row][vc_row inner_container=&#8221;true&#8221; padding_top=&#8221;0px&#8221; padding_bottom=&#8221;0px&#8221; bg_video=&#8221;&#8221; class=&#8221;bikes&#8221; style=&#8221;&#8221;][vc_column fade_animation_offset=&#8221;45px&#8221; width=&#8221;1\/4&#8243;][image link=&#8221;true&#8221; src=&#8221;35930&#8243; alt=&#8221;Handbrake Bike&#8221; href=&#8221;https:\/\/black-bikes.com\/it\/bicicletta\/bicicletta-coi-freni-sul-manubrio\/&#8221; title=&#8221;&#8221; info_content=&#8221;&#8221; lightbox_caption=&#8221;&#8221; id=&#8221;&#8221; class=&#8221;&#8221; style=&#8221;&#8221;][text_output] Bici con freno manuale Da\u00a0\u20ac10,50 [\/text_output][\/vc_column][vc_column fade_animation_offset=&#8221;45px&#8221; width=&#8221;1\/4&#8243;][image link=&#8221;true&#8221; src=&#8221;487&#8243; alt=&#8221;Pedal brake [&hellip;]<\/p>\n","protected":false},"author":1,"featured_media":0,"parent":0,"menu_order":45,"comment_status":"closed","ping_status":"closed","template":"","meta":{"_acf_changed":false,"footnotes":""},"class_list":["post-1216","page","type-page","status-publish","hentry"],"acf":[],"_links":{"self":[{"href":"https:\/\/black-bikes.com\/it\/wp-json\/wp\/v2\/pages\/1216","targetHints":{"allow":["GET"]}}],"collection":[{"href":"https:\/\/black-bikes.com\/it\/wp-json\/wp\/v2\/pages"}],"about":[{"href":"https:\/\/black-bikes.com\/it\/wp-json\/wp\/v2\/types\/page"}],"author":[{"embeddable":true,"href":"https:\/\/black-bikes.com\/it\/wp-json\/wp\/v2\/users\/1"}],"replies":[{"embeddable":true,"href":"https:\/\/black-bikes.com\/it\/wp-json\/wp\/v2\/comments?post=1216"}],"version-history":[{"count":8,"href":"https:\/\/black-bikes.com\/it\/wp-json\/wp\/v2\/pages\/1216\/revisions"}],"predecessor-version":[{"id":65843,"href":"https:\/\/black-bikes.com\/it\/wp-json\/wp\/v2\/pages\/1216\/revisions\/65843"}],"wp:attachment":[{"href":"https:\/\/black-bikes.com\/it\/wp-json\/wp\/v2\/media?parent=1216"}],"curies":[{"name":"wp","href":"https:\/\/api.w.org\/{rel}","templated":true}]}}