{"id":980,"date":"2016-12-11T13:15:42","date_gmt":"2016-12-11T13:15:42","guid":{"rendered":"https:\/\/black-bikes.com\/?page_id=980\/"},"modified":"2025-03-14T04:11:10","modified_gmt":"2025-03-14T03:11:10","slug":"home","status":"publish","type":"page","link":"https:\/\/black-bikes.com\/fr\/","title":{"rendered":"Louer de v\u00e9los \u00e0 Amsterdam, La Haye, Haarlem et Utrecht"},"content":{"rendered":"[vc_row no_margin=\"true\" padding_top=\"0px\" padding_bottom=\"0px\" bg_image=\"596\" bg_video=\"\" class=\"keyvisual\" style=\"\"][vc_column fade_animation_offset=\"45px\" width=\"1\/1\" id=\"\" class=\"\" style=\"\"][button shape=\"square\" size=\"regular\" href=\"https:\/\/shop.tilia.app\/8\/blackbikes\" title=\"R\u00e9servez votre v\u00e9lo\" info_content=\"\" lightbox_caption=\"\" id=\"\" class=\"keyvisualbutton\" style=\"\"]R\u00e9servez votre v\u00e9lo[\/button][\/vc_column][\/vc_row][vc_row inner_container=\"true\" padding_top=\"0px\" padding_bottom=\"0px\" bg_video=\"\" class=\"bikes\" style=\"\"][vc_column fade_animation_offset=\"45px\" width=\"1\/4\"][image link=\"true\" src=\"35930\" alt=\"Handbrake Bike\" href=\"https:\/\/black-bikes.com\/bike\/handbrake-bike\/\" title=\"\" info_content=\"\" lightbox_caption=\"\" id=\"\" class=\"\" style=\"\"][text_output]\r\n<h4 style=\"text-align: center;\"><a href=\"https:\/\/black-bikes.com\/fr\/velo\/velo-frein-main\/\">V\u00e9los frein \u00e0 main<\/a><\/h4>\r\n<p style=\"text-align: center;\"><span class=\"starting\">Prix \u00e0 partir de <strong>\u20ac10,50<\/strong><\/span><\/p>\r\n[\/text_output][\/vc_column][vc_column fade_animation_offset=\"45px\" width=\"1\/4\"][image link=\"true\" src=\"487\" alt=\"Pedal brake Bike\" href=\"https:\/\/black-bikes.com\/bike\/pedal-brake-bike\/\" title=\"\" info_content=\"\" lightbox_caption=\"\" id=\"\" class=\"\" style=\"\"][text_output]\r\n<h4 style=\"text-align: center;\"><a href=\"https:\/\/black-bikes.com\/fr\/velo\/velo-frein-retropedalage\/\">V\u00e9lo avec frein \u00e0 r\u00e9trop\u00e9dalage<\/a><\/h4>\r\n<p style=\"text-align: center;\"><span class=\"starting\">Prix \u00e0 partir de\u00a0<strong>\u20ac7,50<\/strong><\/span><\/p>\r\n[\/text_output][\/vc_column][vc_column fade_animation_offset=\"45px\" width=\"1\/4\"][image link=\"true\" src=\"488\" alt=\"Small Bike\" href=\"https:\/\/black-bikes.com\/bike\/small-bike-24-inch\/\" title=\"\" info_content=\"\" lightbox_caption=\"\" id=\"\" class=\"\" style=\"\"][text_output]\r\n<h4 style=\"text-align: center;\"><a href=\"https:\/\/black-bikes.com\/fr\/velo\/petit-velo\/\">Petit v\u00e9lo<\/a><\/h4>\r\n<p style=\"text-align: center;\"><span class=\"starting\">Prix \u00e0 partir de \u00a0<strong>\u20ac10,50<\/strong><\/span><\/p>\r\n[\/text_output][\/vc_column][vc_column fade_animation_offset=\"45px\" width=\"1\/4\"][vc_icon icon_fontawesome=\"fa fa-chevron-right\" color=\"black\" link=\"url:http%3A%2F%2Fblack-bikes.com%2Frental-bikes-amsterdam%2F||\" el_class=\"tobikes\"][image link=\"true\" src=\"489\" alt=\"Kids Bike\" href=\"https:\/\/black-bikes.com\/bike\/kids-bike\/\" title=\"\" info_content=\"\" lightbox_caption=\"\" id=\"\" class=\"\" style=\"\"][text_output]\r\n<h4 style=\"text-align: center;\"><a href=\"https:\/\/black-bikes.com\/fr\/home\/kids-bike-2\/\">Kids bike<\/a><\/h4>\r\n<p style=\"text-align: center;\"><span class=\"starting\">Prix \u00e0 partir de\u00a0<strong>\u20ac7,50<\/strong><\/span><\/p>\r\n[\/text_output][\/vc_column][\/vc_row][vc_row no_margin=\"true\" padding_top=\"0px\" padding_bottom=\"0px\" bg_video=\"\" class=\"map\" style=\"\"][vc_column fade_animation_offset=\"45px\" width=\"1\/1\" id=\"\" class=\"\" style=\"margin-right:0;\"][text_output][wpgmza id=\"1\"][\/text_output][\/vc_column][\/vc_row][vc_row no_margin=\"true\" padding_top=\"0px\" padding_bottom=\"0px\" marginless_columns=\"true\" bg_video=\"\" class=\"mapmenu\" style=\"\" bg_color=\"#f6f6f6\"][vc_column fade_animation_offset=\"45px\" width=\"1\/2\" id=\"\" class=\"\" style=\"margin-right:0; background: white;\"][container id=\"\" class=\"citymenu\" style=\"\"][text_output][menu name=\"cities\"][\/text_output][\/container][\/vc_column][vc_column fade_animation_offset=\"45px\" width=\"1\/2\" id=\"\" class=\"opening\" style=\"\"][vc_raw_html]JTNDc3Ryb25nJTNFT3V2ZXJ0JTNBJTNDJTJGc3Ryb25nJTNFJTNDdGltZSUyMGl0ZW1wcm9wJTNEJTIyb3BlbmluZ0hvdXJzJTIyJTIwY29udGVudCUzRCUyMk1vLUZyJTIwMDglM0EwMC0yMCUzQTAwJTIyJTNFbHUtVmUlMjAwOGgzMC0xOGgzMCUzQyUyRnRpbWUlM0UlMEElM0N0aW1lJTIwaXRlbXByb3AlM0QlMjJvcGVuaW5nSG91cnMlMjIlMjBjb250ZW50JTNEJTIyU2EtU3UlMjAwOSUzQTAwLTE5JTNBMDAlMjIlM0VzYS1kaSUyMDA5aDAwLTE4aDAwJTNDJTJGdGltZSUzRQ==[\/vc_raw_html][\/vc_column][\/vc_row][vc_row inner_container=\"true\" padding_top=\"0px\" padding_bottom=\"0px\" bg_video=\"\" class=\"reasons reviewband\" style=\"\"][vc_column fade_animation_offset=\"45px\" width=\"1\/3\"][text_output]\r\n<h3><a href=\"https:\/\/www.tripadvisor.nl\/Attraction_Review-g188590-d4996074-Reviews-Amsterdam_Black_Bikes-Amsterdam_North_Holland_Province.html\" target=\"_blank\" rel=\"noopener noreferrer\">Tripadvisor\r\nreviews<\/a><\/h3>\r\n<div id=\"TA_cdsratingsonlynarrow583\" class=\"TA_cdsratingsonlynarrow\">\r\n<ul id=\"ETzLQtrZZWb\" class=\"TA_links 23x3jXpa8p\">\r\n \t<li id=\"PtRMda\" class=\"P95Mz6cSCdw\"><a href=\"https:\/\/www.tripadvisor.nl\/Attraction_Review-g188590-d4996074-Reviews-Amsterdam_Black_Bikes-Amsterdam_North_Holland_Province.htm\" target=\"_blank\" rel=\"noopener noreferrer\"><img decoding=\"async\" src=\"https:\/\/www.tripadvisor.co.uk\/img\/cdsi\/img2\/branding\/tripadvisor_logo_transp_340x80-18034-2.png\" alt=\"TripAdvisor\" \/><\/a><\/li>\r\n<\/ul>\r\n<\/div>\r\n<script src=\"https:\/\/www.jscache.com\/wejs?wtype=cdsratingsonlynarrow&amp;uniq=583&amp;locationId=4996074&amp;lang=en_UK&amp;border=false&amp;display_version=2\"><\/script>[\/text_output][\/vc_column][vc_column fade_animation_offset=\"45px\" width=\"2\/3\"][slider animation=\"slide\" slide_time=\"5000\" slide_speed=\"650\" slideshow=\"true\" control_nav=\"true\" no_container=\"true\" id=\"\" class=\"tripslider\" style=\"\"][slide id=\"\" class=\"\" style=\"\"]\r\n<div class=\"review\">\r\n<div class=\"commentcontainer\">\r\n<h5 style=\"text-align: center;\">\"Rien \u00e0 redire\"<\/h5>\r\n<p style=\"text-align: center;\">Location rapide pour 2 v\u00e9los avec freins \u00e0 main. Id\u00e9al pour une visite en immersion dans Amsterdam.On a pris les v\u00e9los dans une agence, on les a ramen\u00e9s le lendemain dans une autre. Un accueil sympathique et chaleureux aux deux endroits. Rien \u00e0 redire!<\/p>\r\n\r\n<\/div>\r\n<\/div>\r\n<i class=\"fa fa-fw\">\uf005<\/i><i class=\"fa fa-fw\">\uf005<\/i><i class=\"fa fa-fw\">\uf005<\/i><i class=\"fa fa-fw\">\uf005<\/i><i class=\"fa fa-fw\">\uf005\u00a0<\/i> - Sophette D <a href=\"https:\/\/www.tripadvisor.nl\/ShowUserReviews-g188590-d4996074-r448336269-Amsterdam_Black_Bikes-Amsterdam_North_Holland_Province.html#REVIEWS\" target=\"_blank\" rel=\"noopener noreferrer\">on Tripadvisor<\/a>[\/slide][slide id=\"\" class=\"\" style=\"\"]\r\n<div class=\"review\">\r\n<div class=\"commentcontainer\">\r\n<h5 style=\"text-align: center;\">\"Tr\u00e8s bon loueur\"<\/h5>\r\n<p style=\"text-align: center;\">En famille, 3j. Bon accueil, Bons v\u00e9los bien pr\u00e9par\u00e9s. Paolo a fait un geste commercial pour une clef d'antivol qui s'est cass\u00e9e. Merci Paolo et bonne ann\u00e9e.<\/p>\r\n\r\n<\/div>\r\n<\/div>\r\n<i class=\"fa fa-fw\">\uf005<\/i><i class=\"fa fa-fw\">\uf005<\/i><i class=\"fa fa-fw\">\uf005<\/i><i class=\"fa fa-fw\">\uf005<\/i><i class=\"fa fa-fw\">\uf005\u00a0<\/i> -Klem <a href=\"https:\/\/www.tripadvisor.nl\/ShowUserReviews-g188590-d4996074-r448469303-Amsterdam_Black_Bikes-Amsterdam_North_Holland_Province.html#CHECK_RATES_CONT\" target=\"_blank\" rel=\"noopener noreferrer\">on Tripadvisor<\/a>[\/slide][slide id=\"\" class=\"\" style=\"\"]\r\n<div class=\"review\">\r\n<div class=\"commentcontainer\">\r\n<h5 style=\"text-align: center;\">\"Trop g\u00e9nial!\"<\/h5>\r\n<p style=\"text-align: center;\">Pour notre premi\u00e8re location de v\u00e9lo \u00e0 Amsterdam, cela s'est tr\u00e8s bine pass\u00e9. Nous avons appr\u00e9ci\u00e9 l'accueil (et les tarifs : 13\u20ac les 24h mais d\u00e9gressif si plusieurs jours). Les v\u00e9los sont fournis avec un cadenas et poss\u00e8dent des \"vrais\" freins (attention les freins par r\u00e9trop\u00e9dalage sont la norme).<\/p>\r\n\r\n<\/div>\r\n<\/div>\r\n<i class=\"fa fa-fw\">\uf005<\/i><i class=\"fa fa-fw\">\uf005<\/i><i class=\"fa fa-fw\">\uf005<\/i><i class=\"fa fa-fw\">\uf005<\/i><i class=\"fa fa-fw\">\uf005\u00a0<\/i> - Nounounets <a href=\"https:\/\/www.tripadvisor.nl\/ShowUserReviews-g188590-d4996074-r457360845-Amsterdam_Black_Bikes-Amsterdam_North_Holland_Province.html#REVIEWS\" target=\"_blank\" rel=\"noopener noreferrer\">on Tripadvisor<\/a>[\/slide][\/slider][\/vc_column][\/vc_row][vc_row padding_top=\"50px\" padding_bottom=\"50px\" bg_video=\"\" class=\"\" style=\"max-width:800px; margin:auto;\"][vc_column fade_animation_offset=\"45px\" width=\"1\/1\"][text_output]\r\n<h3 style=\"font-size: 16px!important;\">Location de v\u00e9lo sur Amsterdam, La Haye, Haarlem et Utrecht<\/h3>\r\n<span style=\"font-weight: 400;\">ous cherchez \u00e0 louer un v\u00e9lo \u00e0 Amsterdam ? Alors Black Bikes est le bon endroit pour vous. Rien qu\u2019\u00e0 Amsterdam, nous avons 17 points de location, il y en a donc toujours un proche de vous et vous pouvez restituer nos v\u00e9los de location \u00e0 n\u2019importe lequel de nos sites. Nous avons \u00e9galement des agences de location \u00e0 <\/span><a style=\"font-size: 15px;\" href=\"https:\/\/black-bikes.com\/fr\/hague-den-haag\/\">The Hague<\/a><span style=\"font-size: 15px;\">, <\/span><a style=\"font-size: 15px;\" href=\"https:\/\/black-bikes.com\/fr\/haarlem\/\">Harlem <\/a><span style=\"font-size: 15px;\">et <\/span><a style=\"font-size: 15px;\" href=\"https:\/\/black-bikes.com\/fr\/utrecht\/\">Utrecht<\/a><span style=\"font-size: 15px;\">.<\/span>\r\n<h3 style=\"font-size: 16px!important; margin-top: 25px!important;\"><strong>Plusieurs types de v\u00e9lo \u00e0 louer sur Amsterdam<\/strong><\/h3>\r\n<p style=\"margin-top: 10px!important; font-size: 15px!important;\">Chez Black bikes, except\u00e9s les v\u00e9los pour hommes et femmes, vous avez la possibilit\u00e9 de louer : des <a href=\"https:\/\/black-bikes.com\/fr\/velo\/velo-electrique\/\">v\u00e9los \u00e9lectriques<\/a>, des <a href=\"https:\/\/black-bikes.com\/fr\/velo\/velo-biporteur\/\">cargo bikes<\/a> (v\u00e9los avec chargement \u00e0 l\u2019avant), des <a href=\"https:\/\/black-bikes.com\/fr\/velo\/velo-enfant\/\">v\u00e9los pour enfants<\/a> et des <a href=\"https:\/\/black-bikes.com\/fr\/velo\/tandem-adulte\/\">tandems<\/a> ou encore des <a href=\"https:\/\/black-bikes.com\/fr\/velo\/petit-velo\/\">v\u00e9los plus petits<\/a> (24 pouces).<\/p>\r\n<p style=\"margin-top: 10px!important; font-size: 15px!important;\">De plus, nous disposons \u00e9galement de v\u00e9los avec si\u00e8ges pour enfant, \u00e0 <a href=\"https:\/\/black-bikes.com\/fr\/velo\/siege-avant\/\">l\u2019avant<\/a> comme \u00e0 <a href=\"https:\/\/black-bikes.com\/fr\/velo\/siege-arriere\/\">l\u2019arri\u00e8re<\/a>. Vous pouvez choisir entre un <a href=\"https:\/\/black-bikes.com\/fr\/velo\/velo-frein-main\/\">handbrakes<\/a> (v\u00e9lo \u00e0 frein \u00e0 main) et un <a href=\"https:\/\/black-bikes.com\/fr\/velo\/velo-frein-retropedalage\/\">p\u00e9dalbrake<\/a> (frein avec r\u00e9trop\u00e9dalage).<\/p>\r\n<p style=\"margin-top: 10px!important; font-size: 15px!important;\">Pour faire court, nous offrons un large choix de v\u00e9los de location sur Amsterdam!<\/p>\r\n\r\n<h3 style=\"font-size: 16px!important; margin-top: 25px!important;\"><strong>Pourquoi louer un v\u00e9lo chez Black Bikes ?<\/strong><\/h3>\r\n<ul style=\"margin-top: 10px!important; font-size: 15px!important;\">\r\n \t<li style=\"font-weight: 400;\" aria-level=\"1\"><span style=\"font-weight: 400;\">Nous sommes connus pour nos excellents services. Nos employ\u00e9s aimables et qualifi\u00e9s peuvent vous renseigner sur tout ce qui concerne les v\u00e9los ou la ville.<\/span><\/li>\r\n \t<li style=\"font-weight: 400;\" aria-level=\"1\"><span style=\"font-weight: 400;\">Vous avez la possibilit\u00e9 de ramener votre v\u00e9lo dans l\u2019un de nos 17 magasins sur Amsterdam. Nous sommes l\u2019entreprise de location de v\u00e9lo qui reste ouverte le plus longtemps sur Amsterdam: en semaine de 08h30 \u00e0 19h30, le week-end de 09h00 \u00e0 19h00.<\/span><\/li>\r\n \t<li style=\"font-weight: 400;\" aria-level=\"1\"><span style=\"font-weight: 400;\">Nos v\u00e9los sont de hautes qualit\u00e9s et fabriqu\u00e9s main garantissant une bonne balade \u00e0 v\u00e9lo.<\/span><\/li>\r\n \t<li style=\"font-weight: 400;\" aria-level=\"1\"><span style=\"font-weight: 400;\">Pour seulement 4,25 euros, vous \u00eates assur\u00e9s contre les dommages et les vols.<\/span><\/li>\r\n<\/ul>\r\n<h3 style=\"font-size: 16px!important; margin-top: 25px!important;\"><strong>A propos de Black bike... <\/strong><\/h3>\r\n<span style=\"font-weight: 400;\">Black Bikes a commenc\u00e9 en 2005 avec un premier point de location de v\u00e9los \u00e0 Amsterdam. La combinaison de notre bon service et de prix abordables s'est rapidement av\u00e9r\u00e9e \u00eatre un succ\u00e8s, et nous sommes maintenant le plus grand loueur de v\u00e9los d'Amsterdam avec 16 points de location et plus de 2000 v\u00e9los de location.<\/span>\r\n\r\n<span style=\"font-weight: 400;\">Black Bikes fait partie de Het Zwarte Fietsenplan, un magasin de v\u00e9los et un atelier de r\u00e9paration ax\u00e9s sur le service. Nous savons donc vraiment de quoi nous parlons en ce qui concerne les v\u00e9los, avec plus de 300 000 r\u00e9parations \u00e0 notre actif.<\/span>\r\n<h3 style=\"font-size: 16px!important; margin-top: 25px!important;\"><strong>Pourquoi louer un v\u00e9lo sur Amsterdam?<\/strong><\/h3>\r\n<span style=\"font-weight: 400;\">La location d'un v\u00e9lo est le moyen id\u00e9al pour d\u00e9couvrir Amsterdam et vivre la ville comme un habitant local. C'est le moyen de transport le plus efficace pour circuler dans la ville tout en vous permettant d'admirer ses merveilles \u00e0 votre rythme. Amsterdam compte de nombreuses pistes cyclables, et gr\u00e2ce \u00e0 son relief plat, il est tr\u00e8s facile de se d\u00e9placer \u00e0 v\u00e9lo. La ville est mondialement r\u00e9put\u00e9e pour \u00eatre l'endroit le plus agr\u00e9able au monde pour faire du v\u00e9lo.<\/span>\r\n\r\n<span style=\"font-weight: 400;\">Black Bikes collabore avec des partenaires qui proposent des balades \u00e0 v\u00e9lo guid\u00e9es \u00e0 travers Amsterdam et ses environs. Ces visites vous offrent une occasion unique de d\u00e9couvrir tous les points forts de la ville de mani\u00e8re d\u00e9tendue et amusante.<\/span>\r\n<p style=\"margin-top: 10px!important; font-size: 15px!important;\"><img loading=\"lazy\" decoding=\"async\" class=\"alignnone size-medium wp-image-19944\" src=\"https:\/\/black-bikes.com\/wp-content\/uploads\/2016\/12\/Location-v\u00e9lo-Amsterdam-300x135.jpg\" alt=\"Location v\u00e9lo Amsterdam\" width=\"300\" height=\"135\" \/><\/p>\r\n[\/text_output][\/vc_column][\/vc_row]","protected":false},"excerpt":{"rendered":"<p>[vc_row no_margin=&#8221;true&#8221; padding_top=&#8221;0px&#8221; padding_bottom=&#8221;0px&#8221; bg_image=&#8221;596&#8243; bg_video=&#8221;&#8221; class=&#8221;keyvisual&#8221; style=&#8221;&#8221;][vc_column fade_animation_offset=&#8221;45px&#8221; width=&#8221;1\/1&#8243; id=&#8221;&#8221; class=&#8221;&#8221; style=&#8221;&#8221;][button shape=&#8221;square&#8221; size=&#8221;regular&#8221; href=&#8221;https:\/\/shop.tilia.app\/8\/blackbikes&#8221; title=&#8221;R\u00e9servez votre v\u00e9lo&#8221; info_content=&#8221;&#8221; lightbox_caption=&#8221;&#8221; id=&#8221;&#8221; class=&#8221;keyvisualbutton&#8221; style=&#8221;&#8221;]R\u00e9servez votre v\u00e9lo[\/button][\/vc_column][\/vc_row][vc_row inner_container=&#8221;true&#8221; padding_top=&#8221;0px&#8221; padding_bottom=&#8221;0px&#8221; bg_video=&#8221;&#8221; class=&#8221;bikes&#8221; style=&#8221;&#8221;][vc_column fade_animation_offset=&#8221;45px&#8221; width=&#8221;1\/4&#8243;][image link=&#8221;true&#8221; src=&#8221;35930&#8243; alt=&#8221;Handbrake Bike&#8221; href=&#8221;https:\/\/black-bikes.com\/bike\/handbrake-bike\/&#8221; title=&#8221;&#8221; info_content=&#8221;&#8221; lightbox_caption=&#8221;&#8221; id=&#8221;&#8221; class=&#8221;&#8221; style=&#8221;&#8221;][text_output] V\u00e9los frein \u00e0 main Prix \u00e0 partir de \u20ac10,50 [\/text_output][\/vc_column][vc_column [&hellip;]<\/p>\n","protected":false},"author":1,"featured_media":0,"parent":0,"menu_order":45,"comment_status":"closed","ping_status":"closed","template":"","meta":{"_acf_changed":false,"footnotes":""},"class_list":["post-980","page","type-page","status-publish","hentry"],"acf":[],"_links":{"self":[{"href":"https:\/\/black-bikes.com\/fr\/wp-json\/wp\/v2\/pages\/980","targetHints":{"allow":["GET"]}}],"collection":[{"href":"https:\/\/black-bikes.com\/fr\/wp-json\/wp\/v2\/pages"}],"about":[{"href":"https:\/\/black-bikes.com\/fr\/wp-json\/wp\/v2\/types\/page"}],"author":[{"embeddable":true,"href":"https:\/\/black-bikes.com\/fr\/wp-json\/wp\/v2\/users\/1"}],"replies":[{"embeddable":true,"href":"https:\/\/black-bikes.com\/fr\/wp-json\/wp\/v2\/comments?post=980"}],"version-history":[{"count":13,"href":"https:\/\/black-bikes.com\/fr\/wp-json\/wp\/v2\/pages\/980\/revisions"}],"predecessor-version":[{"id":65838,"href":"https:\/\/black-bikes.com\/fr\/wp-json\/wp\/v2\/pages\/980\/revisions\/65838"}],"wp:attachment":[{"href":"https:\/\/black-bikes.com\/fr\/wp-json\/wp\/v2\/media?parent=980"}],"curies":[{"name":"wp","href":"https:\/\/api.w.org\/{rel}","templated":true}]}}