{"id":1048,"date":"2017-03-23T09:08:10","date_gmt":"2017-03-23T09:08:10","guid":{"rendered":"https:\/\/black-bikes.com\/?page_id=1048\/"},"modified":"2024-12-26T14:03:51","modified_gmt":"2024-12-26T13:03:51","slug":"a-propos","status":"publish","type":"page","link":"https:\/\/black-bikes.com\/fr\/a-propos\/","title":{"rendered":"\u00c0 propos de nous"},"content":{"rendered":"<h3>Ce que nous faisons<\/h3>\r\nBlack Bikes est une partie de la compagnie de location \"Het Zwarte Fietsenplan\". Chaque jour nos m\u00e9caniciens et professionnels r\u00e9parent, assistent et guident les Amstellodamois avec l'\u00e9l\u00e9ment le plus pr\u00e9cieux de leur routine quotidienne : le v\u00e9lo. Nous le faisons depuis plus de 10 ans.\r\n\r\nDans nos magasins, il est \u00e9galement possible d'acheter des v\u00e9los. Nous proposons un large choix de marques n\u00e9erlandaises telles que : Gazelle, Batavus, Roetz, Sparta, Urban Arrow... et d'autres encore. Nos employ\u00e9s pourront vous en dire plus \u00e0 propos de ces v\u00e9los. Selon nous, les visiteurs d'Amsterdam m\u00e9ritent d'exp\u00e9rimenter cette ville de la libert\u00e9 sur un v\u00e9lo noir hollandais fabriqu\u00e9 main. Devenez l'un des locaux.\r\n\r\nBlack Bikes appartient \u00e0 la soci\u00e9t\u00e9 Het Zwarte Fietsenplan. Il s'agit d'un grand et connu d\u00e9taillant de v\u00e9los aux Pays-Bas. Het Zwarte Fietsenplan ne propose que des v\u00e9los de haute qualit\u00e9, c'est pourquoi tous les v\u00e9los de location de Black Bikes sont faits \u00e0 la main et de haute qualit\u00e9.\r\nHet Zwarte Fietsenplan est une soci\u00e9t\u00e9 de vente de v\u00e9los depuis 2005. La soci\u00e9t\u00e9 a commenc\u00e9 avec un magasin et compte maintenant 13 magasins aux Pays-Bas , mais elle vise \u00e0 se d\u00e9velopper encore plus. Black Bikes \u00e9largit \u00e9galement ses boutiques.\r\n\r\nBlack Bikes veut faciliter la vie \u00e0 nos clients\u00a0en pla\u00e7ant des magasins dans tous les quartiers d'Amsterdam. De cette fa\u00e7on, nos clients peuvent profiter au mieux de nos services avec la possibilit\u00e9 de louer un v\u00e9lo dans l'un de nos magasins et de le ramener dans n'importe quel autre de nos magasins.\r\n<h4>Location de v\u00e9lo &amp; charit\u00e9<\/h4>\r\nLes 13 magasins Black Bikes vendent des bouteilles con\u00e7ues pour \u00eatre glisser dans votre sac \u00e0 dos. Ces bouteilles peuvent \u00eatre recharg\u00e9es gratuitement dans tous nos magasins de location de v\u00e9los. Pour chaque bouteille achet\u00e9e, une bouteille sera envoy\u00e9e \u00e0 un enfant en Afrique, ainsi vous pouvez soutenir une une bonne cause pendant que vous \u00eates en vacances![\/text_output][\/vc_column][vc_column fade_animation_offset=\"45px\" width=\"1\/2\"][x_video_embed no_container=\"true\" id=\"\" class=\"\" style=\"\"]<iframe loading=\"lazy\" src=\"https:\/\/www.youtube.com\/embed\/H6VaL7FidoI?showinfo=0\" width=\"560\" height=\"315\" frameborder=\"0\" allowfullscreen=\"allowfullscreen\" data-mce-fragment=\"1\"><\/iframe>[\/x_video_embed][x_video_embed no_container=\"true\" id=\"\" class=\"\" style=\"\"]<iframe loading=\"lazy\" src=\"https:\/\/www.youtube.com\/embed\/avv0Q6GsMgg?showinfo=0\" width=\"560\" height=\"315\" frameborder=\"0\" allowfullscreen=\"allowfullscreen\" data-mce-fragment=\"1\"><\/iframe>[\/x_video_embed][\/vc_column][\/vc_row]","protected":false},"excerpt":{"rendered":"<p>Ce que nous faisons Black Bikes est une partie de la compagnie de location &#8220;Het Zwarte Fietsenplan&#8221;. Chaque jour nos m\u00e9caniciens et professionnels r\u00e9parent, assistent et guident les Amstellodamois avec l&#8217;\u00e9l\u00e9ment le plus pr\u00e9cieux de leur routine quotidienne : le v\u00e9lo. Nous le faisons depuis plus de 10 ans. Dans nos magasins, il est \u00e9galement [&hellip;]<\/p>\n","protected":false},"author":4,"featured_media":61437,"parent":0,"menu_order":33,"comment_status":"closed","ping_status":"closed","template":"","meta":{"_acf_changed":false,"footnotes":""},"class_list":["post-1048","page","type-page","status-publish","has-post-thumbnail","hentry"],"acf":[],"_links":{"self":[{"href":"https:\/\/black-bikes.com\/fr\/wp-json\/wp\/v2\/pages\/1048","targetHints":{"allow":["GET"]}}],"collection":[{"href":"https:\/\/black-bikes.com\/fr\/wp-json\/wp\/v2\/pages"}],"about":[{"href":"https:\/\/black-bikes.com\/fr\/wp-json\/wp\/v2\/types\/page"}],"author":[{"embeddable":true,"href":"https:\/\/black-bikes.com\/fr\/wp-json\/wp\/v2\/users\/4"}],"replies":[{"embeddable":true,"href":"https:\/\/black-bikes.com\/fr\/wp-json\/wp\/v2\/comments?post=1048"}],"version-history":[{"count":2,"href":"https:\/\/black-bikes.com\/fr\/wp-json\/wp\/v2\/pages\/1048\/revisions"}],"predecessor-version":[{"id":60177,"href":"https:\/\/black-bikes.com\/fr\/wp-json\/wp\/v2\/pages\/1048\/revisions\/60177"}],"wp:featuredmedia":[{"embeddable":true,"href":"https:\/\/black-bikes.com\/fr\/wp-json\/wp\/v2\/media\/61437"}],"wp:attachment":[{"href":"https:\/\/black-bikes.com\/fr\/wp-json\/wp\/v2\/media?parent=1048"}],"curies":[{"name":"wp","href":"https:\/\/api.w.org\/{rel}","templated":true}]}}