{"id":948,"date":"2017-03-21T15:16:40","date_gmt":"2017-03-21T15:16:40","guid":{"rendered":"https:\/\/black-bikes.com\/?page_id=948\/"},"modified":"2024-12-26T14:06:31","modified_gmt":"2024-12-26T13:06:31","slug":"sobre-nosotros","status":"publish","type":"page","link":"https:\/\/black-bikes.com\/es\/sobre-nosotros\/","title":{"rendered":"Con\u00f3cenos"},"content":{"rendered":"<h3>Qu\u00e9 hacemos?<\/h3>\r\nBlack Bikes forma parte de las tiendas de bicicletas \"Het Zwarte Fietsenplan\" de Amsterdam. Cada d\u00eda nuestros mec\u00e1nicos certificados y profesionales reparan, ayudan y gu\u00edan a la gente de \u00c1msterdam con el elemento m\u00e1s preciado de su rutina diaria: la bicicleta. Hemos estado haciendo esto por m\u00e1s de 10 a\u00f1os.\r\n\r\nEn nuestras tiendas es posible comprar bicicletas\u00a0tambi\u00e9n. Disponemos de una amplia gama de marcas holandesas como: Gazelle, Batavus, Azor, Roetz, Sparta, Urban Arrow\u00a0.... Y as\u00ed sucesivamente ... Nuestros empleados pueden decirle mucho m\u00e1s sobre estas bicicletas. Creemos que los visitantes de Amsterdam merecen experimentar esta ciudad de la libertad en una bicicleta holandesa hecha a mano en Holanda. Convi\u00e9rtete en un ciudadano m\u00e1s.\r\n\r\nBlack Bikes es propiedad de la empresa Het Zwarte Fietsenplan. Esta es una grande y bien conocida empresa minorista de bicicletas en los Pa\u00edses Bajos. Het Zwarte Fietsenplan s\u00f3lo ofrece bicicletas de primera\u00a0calidad, por eso todas las bicicletas de alquiler de Black Bikes son hechas a mano y de alta calidad.\r\n\r\nHet Zwarte Fietsenplan es una empresa de venta de bicicletas desde 2005. La empresa comenz\u00f3 con una tienda y tiene 13 tiendas en Holanda en este momento, pero su objetivo es crecer a\u00fan m\u00e1s. Black Bikes tambi\u00e9n est\u00e1 expandiendo sus tiendas.\r\n\r\nBlack Bikes quiere hacer que sea f\u00e1cil para el consumidor mediante la colocaci\u00f3n de tiendas en todas las \u00e1reas. De esta manera con nuestro sistema \"hop on'' ''drop off'' nuestros clientes pueden disfrutar de nuestro servicio en todas las direcciones.\r\n<h4>La caridad de BlackBikes<\/h4>\r\nLas 13 tiendas Black Bike venden botellas que est\u00e1n dise\u00f1adas para llevar en su mochila. Las botellas se pueden rellenar de forma gratuita en los Taps en nuestras tiendas de alquiler de bicicletas. \u00a1Para cada botella comprada, una botella ser\u00e1 enviada a un ni\u00f1o en \u00c1frica, as\u00ed que t\u00fa puedes apoyar caritativamente mientras que est\u00e1s en un d\u00eda de fiesta!\r\n\r\n<iframe loading=\"lazy\" src=\"https:\/\/www.youtube.com\/embed\/H6VaL7FidoI?showinfo=0\" width=\"560\" height=\"315\" frameborder=\"0\" allowfullscreen=\"allowfullscreen\" data-mce-fragment=\"1\"><\/iframe>\r\n\r\n<iframe loading=\"lazy\" src=\"https:\/\/www.youtube.com\/embed\/avv0Q6GsMgg?showinfo=0\" width=\"560\" height=\"315\" frameborder=\"0\" allowfullscreen=\"allowfullscreen\" data-mce-fragment=\"1\"><\/iframe>","protected":false},"excerpt":{"rendered":"<p>Qu\u00e9 hacemos? Black Bikes forma parte de las tiendas de bicicletas &#8220;Het Zwarte Fietsenplan&#8221; de Amsterdam. Cada d\u00eda nuestros mec\u00e1nicos certificados y profesionales reparan, ayudan y gu\u00edan a la gente de \u00c1msterdam con el elemento m\u00e1s preciado de su rutina diaria: la bicicleta. Hemos estado haciendo esto por m\u00e1s de 10 a\u00f1os. En nuestras tiendas [&hellip;]<\/p>\n","protected":false},"author":2,"featured_media":61441,"parent":0,"menu_order":33,"comment_status":"closed","ping_status":"closed","template":"","meta":{"_acf_changed":false,"footnotes":""},"class_list":["post-948","page","type-page","status-publish","has-post-thumbnail","hentry"],"acf":[],"_links":{"self":[{"href":"https:\/\/black-bikes.com\/es\/wp-json\/wp\/v2\/pages\/948","targetHints":{"allow":["GET"]}}],"collection":[{"href":"https:\/\/black-bikes.com\/es\/wp-json\/wp\/v2\/pages"}],"about":[{"href":"https:\/\/black-bikes.com\/es\/wp-json\/wp\/v2\/types\/page"}],"author":[{"embeddable":true,"href":"https:\/\/black-bikes.com\/es\/wp-json\/wp\/v2\/users\/2"}],"replies":[{"embeddable":true,"href":"https:\/\/black-bikes.com\/es\/wp-json\/wp\/v2\/comments?post=948"}],"version-history":[{"count":1,"href":"https:\/\/black-bikes.com\/es\/wp-json\/wp\/v2\/pages\/948\/revisions"}],"predecessor-version":[{"id":51155,"href":"https:\/\/black-bikes.com\/es\/wp-json\/wp\/v2\/pages\/948\/revisions\/51155"}],"wp:featuredmedia":[{"embeddable":true,"href":"https:\/\/black-bikes.com\/es\/wp-json\/wp\/v2\/media\/61441"}],"wp:attachment":[{"href":"https:\/\/black-bikes.com\/es\/wp-json\/wp\/v2\/media?parent=948"}],"curies":[{"name":"wp","href":"https:\/\/api.w.org\/{rel}","templated":true}]}}