{"id":1450,"date":"2016-12-11T13:15:42","date_gmt":"2016-12-11T13:15:42","guid":{"rendered":"https:\/\/black-bikes.com\/?page_id=1450\/"},"modified":"2025-03-19T01:47:47","modified_gmt":"2025-03-19T00:47:47","slug":"home","status":"publish","type":"page","link":"https:\/\/black-bikes.com\/de\/","title":{"rendered":"Fahrradverleih in Amsterdam, Den Haag, Haarlem und Utrecht"},"content":{"rendered":"<p>[vc_row no_margin=\"true\" padding_top=\"0px\" padding_bottom=\"0px\" bg_image=\"596\" bg_video=\"\" class=\"keyvisual\" style=\"\"][vc_column fade_animation_offset=\"45px\" width=\"1\/1\" id=\"\" class=\"\" style=\"\"][button shape=\"square\" size=\"regular\" href=\"https:\/\/shop.tilia.app\/8\/blackbikes\" title=\"Book Now\" info_content=\"\" lightbox_caption=\"\" id=\"\" class=\"keyvisualbutton\" style=\"\"]Jetzt Buchen[\/button][\/vc_column][\/vc_row][vc_row inner_container=\"true\" padding_top=\"0px\" padding_bottom=\"0px\" bg_video=\"\" class=\"bikes\" style=\"\"][vc_column fade_animation_offset=\"45px\" width=\"1\/4\"][image link=\"true\" src=\"35930\" alt=\"Handbrake Bike\" href=\"https:\/\/black-bikes.com\/fr\/velo\/velo-frein-main\/\" title=\"\" info_content=\"\" lightbox_caption=\"\" id=\"\" class=\"\" style=\"\"][text_output]<\/p>\r\n<h4 style=\"text-align: center;\"><a href=\"https:\/\/black-bikes.com\/bike\/handbrake-bike\/\">Handbrake bike<\/a><\/h4>\r\n<p style=\"text-align: center;\"><span class=\"starting\">Starting at <strong>\u20ac10,50<\/strong><\/span><\/p>\r\n<p>[\/text_output][\/vc_column][vc_column fade_animation_offset=\"45px\" width=\"1\/4\"][image link=\"true\" src=\"487\" alt=\"Pedal brake Bike\" href=\"https:\/\/black-bikes.com\/bike\/pedal-brake-bike\/\" title=\"\" info_content=\"\" lightbox_caption=\"\" id=\"\" class=\"\" style=\"\"][text_output]<\/p>\r\n<h4 style=\"text-align: center;\"><a href=\"https:\/\/black-bikes.com\/bike\/pedal-brake-bike\/\">Pedal brake\u00a0bike<\/a><\/h4>\r\n<p style=\"text-align: center;\"><span class=\"starting\">Starting at <strong>\u20ac7,50<\/strong><\/span><\/p>\r\n<p>[\/text_output][\/vc_column][vc_column fade_animation_offset=\"45px\" width=\"1\/4\"][image link=\"true\" src=\"488\" alt=\"Small Bike\" href=\"https:\/\/black-bikes.com\/bike\/small-bike-24-inch\/\" title=\"\" info_content=\"\" lightbox_caption=\"\" id=\"\" class=\"\" style=\"\"][text_output]<\/p>\r\n<h4 style=\"text-align: center;\"><a href=\"https:\/\/black-bikes.com\/bike\/small-bike-24-inch\/\">Small bike<\/a><\/h4>\r\n<p style=\"text-align: center;\"><span class=\"starting\">Starting at <strong>\u20ac10,50<\/strong><\/span><\/p>\r\n<p>[\/text_output][\/vc_column][vc_column fade_animation_offset=\"45px\" width=\"1\/4\"][vc_icon icon_fontawesome=\"fa fa-chevron-right\" color=\"black\" link=\"url:http%3A%2F%2Fblack-bikes.com%2Frental-bikes-amsterdam%2F||\" el_class=\"tobikes\"][image link=\"true\" src=\"489\" alt=\"Kids Bike\" href=\"https:\/\/black-bikes.com\/bike\/kids-bike\/\" title=\"\" info_content=\"\" lightbox_caption=\"\" id=\"\" class=\"\" style=\"\"][text_output]<\/p>\r\n<h4 style=\"text-align: center;\"><a href=\"https:\/\/black-bikes.com\/de\/home\/kids-bike-2\/\">Kids bike<\/a><\/h4>\r\n<p style=\"text-align: center;\"><span class=\"starting\">Starting at <strong>\u20ac7,50<\/strong><\/span><\/p>\r\n<p>[\/text_output][\/vc_column][\/vc_row][vc_row no_margin=\"true\" padding_top=\"0px\" padding_bottom=\"0px\" bg_video=\"\" class=\"map\" style=\"\"][vc_column fade_animation_offset=\"45px\" width=\"1\/1\" id=\"\" class=\"\" style=\"margin-right:0;\"][text_output][wpgmza id=\"1\"][\/text_output][\/vc_column][\/vc_row][vc_row no_margin=\"true\" padding_top=\"0px\" padding_bottom=\"0px\" marginless_columns=\"true\" bg_video=\"\" class=\"mapmenu\" style=\"\" bg_color=\"#f6f6f6\"][vc_column fade_animation_offset=\"45px\" width=\"1\/2\" id=\"\" class=\"\" style=\"margin-right:0; background: white;\"][container id=\"\" class=\"citymenu\" style=\"\"][text_output][menu name=\"cities\"][\/text_output][\/container][\/vc_column][vc_column fade_animation_offset=\"45px\" width=\"1\/2\" id=\"\" class=\"opening\" style=\"\"][vc_raw_html]JTNDc3Ryb25nJTNFR2UlQzMlQjZmZm5ldCUzQSUzQyUyRnN0cm9uZyUzRSUzQ3RpbWUlMjBpdGVtcHJvcCUzRCUyMm9wZW5pbmdIb3VycyUyMiUyMGNvbnRlbnQlM0QlMjJNby1GciUyMDA4JTNBMDAtMjAlM0EwMCUyMiUzRU1vLUZyJTIwMDglM0EzMC0xOCUzQTMwJTNDJTJGdGltZSUzRSUzQ3RpbWUlMjBpdGVtcHJvcCUzRCUyMm9wZW5pbmdIb3VycyUyMiUyMGNvbnRlbnQlM0QlMjJTYS1TdSUyMDA5JTNBMDAtMTklM0EwMCUyMiUzRVNhLVNvJTIwMDklM0EwMC0xOCUzQTAwJTNDJTJGdGltZSUzRQ==[\/vc_raw_html][\/vc_column][\/vc_row][vc_row inner_container=\"true\" padding_top=\"0px\" padding_bottom=\"0px\" bg_video=\"\" class=\"reasons reviewband\" style=\"\"][vc_column fade_animation_offset=\"45px\" width=\"1\/3\"][text_output]<\/p>\r\n<h3><a href=\"https:\/\/www.tripadvisor.nl\/Attraction_Review-g188590-d4996074-Reviews-Amsterdam_Black_Bikes-Amsterdam_North_Holland_Province.html\" target=\"_blank\" rel=\"noopener noreferrer\">Tripadvisor<br \/>reviews<\/a><\/h3>\r\n<div id=\"TA_cdsratingsonlynarrow583\" class=\"TA_cdsratingsonlynarrow\">\r\n<ul id=\"ETzLQtrZZWb\" class=\"TA_links 23x3jXpa8p\">\r\n<li id=\"PtRMda\" class=\"P95Mz6cSCdw\"><a href=\"https:\/\/www.tripadvisor.nl\/Attraction_Review-g188590-d4996074-Reviews-Amsterdam_Black_Bikes-Amsterdam_North_Holland_Province.htm\" target=\"_blank\" rel=\"noopener noreferrer\"><img decoding=\"async\" src=\"https:\/\/www.tripadvisor.co.uk\/img\/cdsi\/img2\/branding\/tripadvisor_logo_transp_340x80-18034-2.png\" alt=\"TripAdvisor\" \/><\/a><\/li>\r\n<\/ul>\r\n<\/div>\r\n<p><script src=\"https:\/\/www.jscache.com\/wejs?wtype=cdsratingsonlynarrow&amp;uniq=583&amp;locationId=4996074&amp;lang=en_UK&amp;border=false&amp;display_version=2\"><\/script>[\/text_output][\/vc_column][vc_column fade_animation_offset=\"45px\" width=\"2\/3\"][slider animation=\"slide\" slide_time=\"5000\" slide_speed=\"650\" slideshow=\"true\" control_nav=\"true\" no_container=\"true\" id=\"\" class=\"tripslider\" style=\"\"][slide id=\"\" class=\"\" style=\"\"]<\/p>\r\n<div class=\"review\">\r\n<div class=\"commentcontainer\">\r\n<h5 style=\"text-align: center;\">\"Good\u00a0flexible company\"<\/h5>\r\n<p style=\"text-align: center;\">Black bikes provide good quality bikes and organisation. Fair price and flexible over our timing. Insurance and locks additional and mandatory cost. Multiple locations to drop off bikes. Choice of back pedal brakes or handle bar brakes. Latter cost more. Back pedal easy to use.<\/p>\r\n<\/div>\r\n<\/div>\r\n<p><i class=\"fa fa-fw\">\uf005<\/i><i class=\"fa fa-fw\">\uf005<\/i><i class=\"fa fa-fw\">\uf005<\/i><i class=\"fa fa-fw\">\uf005<\/i><i class=\"fa fa-fw\">\uf005\u00a0<\/i> - Juliette G <a href=\"https:\/\/www.tripadvisor.com\/ShowUserReviews-g188590-d4996074-r462351860-Amsterdam_Black_Bikes-Amsterdam_North_Holland_Province.html#REVIEWS\" target=\"_blank\" rel=\"noopener noreferrer\">on Tripadvisor<\/a>[\/slide][slide id=\"\" class=\"\" style=\"\"]<\/p>\r\n<div class=\"review\">\r\n<div class=\"commentcontainer\">\r\n<h5 style=\"text-align: center;\">\"Affordable Bike Rental\"<\/h5>\r\n<p style=\"text-align: center;\">The rental was affordable and the bike quality was good. I was not told how to adjust the bike seat, and they were out of baskets, but otherwise everything was fine.<\/p>\r\n<\/div>\r\n<\/div>\r\n<p><i class=\"fa fa-fw\">\uf005<\/i><i class=\"fa fa-fw\">\uf005<\/i><i class=\"fa fa-fw\">\uf005<\/i><i class=\"fa fa-fw\">\uf005<\/i><i class=\"fa fa-fw\">\uf006\u00a0<\/i> - Demi W <a href=\"https:\/\/www.tripadvisor.com\/ShowUserReviews-g188590-d4996074-r461781155-Amsterdam_Black_Bikes-Amsterdam_North_Holland_Province.html#REVIEWS\" target=\"_blank\" rel=\"noopener noreferrer\">on Tripadvisor<\/a>[\/slide][slide id=\"\" class=\"\" style=\"\"]<\/p>\r\n<div class=\"review\">\r\n<div class=\"commentcontainer\">\r\n<h5 style=\"text-align: center;\">\"Highly Recommended\"<\/h5>\r\n<p style=\"text-align: center;\">Amsterdam is a city that you can see every part easily with a simple bike. They are here for this. Prices are cool and the bikes are well usable. You sign up online easily with a computer make your payment take your bike and go. If you are staying at the center, i highly recommend renting a bike. Car parking is very very expensive and they have strict rules.<\/p>\r\n<\/div>\r\n<\/div>\r\n<p><i class=\"fa fa-fw\">\uf005<\/i><i class=\"fa fa-fw\">\uf005<\/i><i class=\"fa fa-fw\">\uf005<\/i><i class=\"fa fa-fw\">\uf005<\/i><i class=\"fa fa-fw\">\uf005\u00a0<\/i> - turaccii\u00a0<a href=\"https:\/\/www.tripadvisor.co.uk\/ShowUserReviews-g188590-d4996074-r457338771-Amsterdam_Black_Bikes-Amsterdam_North_Holland_Province.html#CHECK_RATES_CONT\" target=\"_blank\" rel=\"noopener noreferrer\">on Tripadvisor<\/a>[\/slide][\/slider][\/vc_column][\/vc_row][vc_row padding_top=\"0px\" padding_bottom=\"0px\"][vc_column fade_animation_offset=\"45px\" width=\"1\/1\"][text_output]<\/p>\r\n<h3><strong>Fahrradverleih in Amsterdam, Den Haag, Haarlem und Utrecht<\/strong><\/h3>\r\n<p>&nbsp;<\/p>\r\n<p>M\u00f6chten Sie ein Fahrrad in Amsterdam mieten? Dann sind Sie bei Black Bikes genau richtig, denn in Amsterdam haben wir 15 Mietpunkte. Es gibt also immer einen in Ihrer Gegend. Wir haben auch Standorte in Den Haag, Haarlem und Utrecht. Und Sie k\u00f6nnen die Fahrr\u00e4der an allen unseren Standorten abgeben![\/text_output][\/vc_column][\/vc_row][vc_row padding_top=\"0px\" padding_bottom=\"0px\"][vc_column fade_animation_offset=\"45px\" width=\"1\/1\"][text_output]<\/p>\r\n<h4><strong>Viele Arten von Fahrr\u00e4dern zur Miete in Amsterdam<\/strong><\/h4>\r\n<p>&nbsp;<\/p>\r\n<p>Bei Black Bikes k\u00f6nnen Sie in Amsterdam <strong>Elektro-Fahrr\u00e4der, Kinderfahrr\u00e4der, Tandems und Lastenr\u00e4der<\/strong> sowie normale M\u00e4nner- und Frauenr\u00e4der mieten. Sie k\u00f6nnen auch ein Fahrrad mieten, das nur eine Gr\u00f6\u00dfe kleiner als normal (24 Zoll) ist.<\/p>\r\n<p>&nbsp;<\/p>\r\n<p>Dar\u00fcber hinaus haben wir auch Fahrr\u00e4der mit Kindersitzen vorne und hinten. Und Sie k\u00f6nnen w\u00e4hlen, ob Sie eine Handbremse oder R\u00fccktrittbremse w\u00fcnschen.<\/p>\r\n<p>&nbsp;<\/p>\r\n<p>Kurz gesagt, die gr\u00f6\u00dfte Auswahl an Mietfahrr\u00e4dern in Amsterdam![\/text_output][\/vc_column][\/vc_row][vc_row padding_top=\"0px\" padding_bottom=\"0px\"][vc_column fade_animation_offset=\"45px\" width=\"1\/1\"][text_output]<\/p>\r\n<h4><strong>Warum ein Fahrrad bei Black Bikes mieten?<\/strong><\/h4>\r\n<p>&nbsp;<\/p>\r\n<ul>\r\n<li>Wir sind bekannt f\u00fcr unseren exzellenten Service. Unser freundliches und sachkundiges Personal hilft Ihnen gerne bei Fragen zu Ihrem Fahrrad oder \u00fcber die Stadt.<\/li>\r\n<li>Sie k\u00f6nnen unsere Fahrr\u00e4der an alle 16 Mietpunkte in Amsterdam zur\u00fcckgeben. <span class=\"Y2IQFc\" lang=\"de\">An Wochentagen von 08:30 bis 18:30 Uhr, am Wochenende von 09:00 bis 18:00 Uhr.<\/span><\/li>\r\n<li>Unsere Fahrr\u00e4der sind von bester Qualit\u00e4t und in Top-Zustand.<\/li>\r\n<li>Ab 3,75 Euro sind Sie vollst\u00e4ndig gegen Besch\u00e4digung und Diebstahl versichert.<\/li>\r\n<\/ul>\r\n<p>Sie mieten schon ein Fahrrad ab 7,50 Euro![\/text_output][\/vc_column][\/vc_row][vc_row padding_top=\"0px\" padding_bottom=\"0px\"][vc_column fade_animation_offset=\"45px\" width=\"1\/1\"][text_output]<\/p>\r\n<h4><strong>\u00dcber Black Bikes Fahrradverleih<\/strong><\/h4>\r\n<p>&nbsp;<\/p>\r\n<p>Black Bikes startete 2005 mit einem ersten Mietstandort in Amsterdam. Die Kombination aus gutem Service und erschwinglichen Preisen erwies sich bald als Erfolg und wir sind jetzt der gr\u00f6\u00dfte Fahrradvermieter in Amsterdam mit 16 Fahrradmietstationen und mehr als 2000 Mietfahrr\u00e4dern.<\/p>\r\n<p>&nbsp;<\/p>\r\n<p>Black Bikes ist Teil von \u201cHet Zwarte Fietsenplan\u201c, einem serviceorientierten Fahrradgesch\u00e4ft und Fahrradhersteller. Wir wissen wirklich, wovon wir sprechen, wenn es ums Radfahren geht. Das ist auch logisch, mit mehr als 300.000 Reparaturen bis heute.[\/text_output][\/vc_column][\/vc_row][vc_row padding_top=\"0px\" padding_bottom=\"0px\"][vc_column fade_animation_offset=\"45px\" width=\"1\/1\"][text_output]<\/p>\r\n<h4><strong>Warum ein Fahrrad in Amsterdam mieten?<\/strong><\/h4>\r\n<p>&nbsp;<\/p>\r\n<p>Radfahren ist der richtige Weg, um Amsterdam kennenzulernen. Um es als Amsterdamer zu erleben. Es ist auch ein sehr effizientes Transportmittel in Amsterdam und gibt Ihnen die M\u00f6glichkeit, so viel wie m\u00f6glich von der Stadt zu sehen. Es gibt ein ausgezeichnetes Radwegenetz und es gibt kaum H\u00f6henunterschiede, so dass Sie durchfahren k\u00f6nnen. Amsterdam ist auch bekannt als die fahrradfreundlichste Stadt der Welt!<\/p>\r\n<p>&nbsp;<\/p>\r\n<p>Black Bikes arbeitet zusammen mit Partnern an Fahrradtouren durch die Stadt und dar\u00fcber hinaus, mit denen Sie viele Sehensw\u00fcrdigkeiten auf unterhaltsame Art und Weise sehen k\u00f6nnen.<\/p>\r\n<p><img loading=\"lazy\" decoding=\"async\" class=\"alignnone size-medium wp-image-19949\" src=\"https:\/\/black-bikes.com\/wp-content\/uploads\/2016\/12\/Fahrrad-verleih-Amsterdam-300x135.jpg\" alt=\"Fahrrad verleih Amsterdam\" width=\"300\" height=\"135\" \/>[\/text_output][\/vc_column][\/vc_row][vc_row padding_top=\"0px\" padding_bottom=\"0px\"][vc_column fade_animation_offset=\"45px\"][vc_column_text]\u00a0<\/p>\r\n<p>&nbsp;<\/p>\r\n<p>[\/vc_column_text][\/vc_column][\/vc_row][vc_row padding_top=\"0px\" padding_bottom=\"0px\"][vc_column fade_animation_offset=\"45px\"][vc_column_text]\u00a0<\/p>\r\n<p>\u00a0<\/p>\r\n<p>[\/vc_column_text][\/vc_column][\/vc_row]<\/p>","protected":false},"excerpt":{"rendered":"<p>[vc_row no_margin=&#8221;true&#8221; padding_top=&#8221;0px&#8221; padding_bottom=&#8221;0px&#8221; bg_image=&#8221;596&#8243; bg_video=&#8221;&#8221; class=&#8221;keyvisual&#8221; style=&#8221;&#8221;][vc_column fade_animation_offset=&#8221;45px&#8221; width=&#8221;1\/1&#8243; id=&#8221;&#8221; class=&#8221;&#8221; style=&#8221;&#8221;][button shape=&#8221;square&#8221; size=&#8221;regular&#8221; href=&#8221;https:\/\/shop.tilia.app\/8\/blackbikes&#8221; title=&#8221;Book Now&#8221; info_content=&#8221;&#8221; lightbox_caption=&#8221;&#8221; id=&#8221;&#8221; class=&#8221;keyvisualbutton&#8221; style=&#8221;&#8221;]Jetzt Buchen[\/button][\/vc_column][\/vc_row][vc_row inner_container=&#8221;true&#8221; padding_top=&#8221;0px&#8221; padding_bottom=&#8221;0px&#8221; bg_video=&#8221;&#8221; class=&#8221;bikes&#8221; style=&#8221;&#8221;][vc_column fade_animation_offset=&#8221;45px&#8221; width=&#8221;1\/4&#8243;][image link=&#8221;true&#8221; src=&#8221;35930&#8243; alt=&#8221;Handbrake Bike&#8221; href=&#8221;https:\/\/black-bikes.com\/fr\/velo\/velo-frein-main\/&#8221; title=&#8221;&#8221; info_content=&#8221;&#8221; lightbox_caption=&#8221;&#8221; id=&#8221;&#8221; class=&#8221;&#8221; style=&#8221;&#8221;][text_output] Handbrake bike Starting at \u20ac10,50 [\/text_output][\/vc_column][vc_column fade_animation_offset=&#8221;45px&#8221; width=&#8221;1\/4&#8243;][image link=&#8221;true&#8221; src=&#8221;487&#8243; alt=&#8221;Pedal brake [&hellip;]<\/p>\n","protected":false},"author":1,"featured_media":0,"parent":0,"menu_order":45,"comment_status":"closed","ping_status":"closed","template":"","meta":{"_acf_changed":false,"footnotes":""},"class_list":["post-1450","page","type-page","status-publish","hentry"],"acf":[],"_links":{"self":[{"href":"https:\/\/black-bikes.com\/de\/wp-json\/wp\/v2\/pages\/1450","targetHints":{"allow":["GET"]}}],"collection":[{"href":"https:\/\/black-bikes.com\/de\/wp-json\/wp\/v2\/pages"}],"about":[{"href":"https:\/\/black-bikes.com\/de\/wp-json\/wp\/v2\/types\/page"}],"author":[{"embeddable":true,"href":"https:\/\/black-bikes.com\/de\/wp-json\/wp\/v2\/users\/1"}],"replies":[{"embeddable":true,"href":"https:\/\/black-bikes.com\/de\/wp-json\/wp\/v2\/comments?post=1450"}],"version-history":[{"count":8,"href":"https:\/\/black-bikes.com\/de\/wp-json\/wp\/v2\/pages\/1450\/revisions"}],"predecessor-version":[{"id":65837,"href":"https:\/\/black-bikes.com\/de\/wp-json\/wp\/v2\/pages\/1450\/revisions\/65837"}],"wp:attachment":[{"href":"https:\/\/black-bikes.com\/de\/wp-json\/wp\/v2\/media?parent=1450"}],"curies":[{"name":"wp","href":"https:\/\/api.w.org\/{rel}","templated":true}]}}