{"id":1390,"date":"2017-03-06T16:58:14","date_gmt":"2017-03-06T16:58:14","guid":{"rendered":"https:\/\/black-bikes.com\/?page_id=1390\/"},"modified":"2024-12-26T14:04:45","modified_gmt":"2024-12-26T13:04:45","slug":"uber-uns","status":"publish","type":"page","link":"https:\/\/black-bikes.com\/de\/uber-uns\/","title":{"rendered":"\u00dcber uns"},"content":{"rendered":"<h3><span class=\"JLqJ4b ChMk0b\" data-language-for-alternatives=\"de\" data-language-to-translate-into=\"en\" data-phrase-index=\"0\" data-number-of-phrases=\"13\"><span class=\"Q4iAWc\">Was wir tun<\/span><\/span><\/h3>\r\n<span class=\"JLqJ4b ChMk0b\" data-language-for-alternatives=\"de\" data-language-to-translate-into=\"en\" data-phrase-index=\"2\" data-number-of-phrases=\"13\"><span class=\"Q4iAWc\">Black Bikes ist Teil des in Amsterdam ans\u00e4ssigen Fahrradgesch\u00e4fts \u201eHet Zwarte Fietsenplan\u201c.<\/span><\/span> <span class=\"JLqJ4b ChMk0b\" data-language-for-alternatives=\"de\" data-language-to-translate-into=\"en\" data-phrase-index=\"3\" data-number-of-phrases=\"13\"><span class=\"Q4iAWc\">Jeden Tag reparieren, unterst\u00fctzen und f\u00fchren unsere zertifizierten und professionellen Mechaniker die Amsterdamer mit dem wertvollsten Gegenstand ihrer t\u00e4glichen Routine: dem Fahrrad.<\/span><\/span> <span class=\"JLqJ4b ChMk0b\" data-language-for-alternatives=\"de\" data-language-to-translate-into=\"en\" data-phrase-index=\"4\" data-number-of-phrases=\"13\"><span class=\"Q4iAWc\">Wir tun dies seit mehr als 10 Jahren.<\/span><\/span> <span class=\"JLqJ4b ChMk0b\" data-language-for-alternatives=\"de\" data-language-to-translate-into=\"en\" data-phrase-index=\"5\" data-number-of-phrases=\"13\"><span class=\"Q4iAWc\">Unsere Mitarbeiter haben \u00fcber 300.000 Fahrr\u00e4der repariert ... unsere eigenen Leihr\u00e4der nicht mitgez\u00e4hlt.<\/span><\/span> <span class=\"JLqJ4b ChMk0b\" data-language-for-alternatives=\"de\" data-language-to-translate-into=\"en\" data-phrase-index=\"7\" data-number-of-phrases=\"13\"><span class=\"Q4iAWc\">In unseren Gesch\u00e4ften k\u00f6nnen Sie auch Fahrr\u00e4der kaufen.<\/span><\/span> <span class=\"JLqJ4b ChMk0b\" data-language-for-alternatives=\"de\" data-language-to-translate-into=\"en\" data-phrase-index=\"8\" data-number-of-phrases=\"13\"><span class=\"Q4iAWc\">Wir f\u00fchren eine gro\u00dfe Auswahl niederl\u00e4ndischer Top-Marken wie z.<\/span><\/span> <span class=\"JLqJ4b ChMk0b\" data-language-for-alternatives=\"de\" data-language-to-translate-into=\"en\" data-phrase-index=\"9\" data-number-of-phrases=\"13\"><span class=\"Q4iAWc\">Gazelle, Batavus, Azor, Roetz, Sparta, Urban Arrow\u2026.<\/span><\/span> <span class=\"JLqJ4b ChMk0b\" data-language-for-alternatives=\"de\" data-language-to-translate-into=\"en\" data-phrase-index=\"10\" data-number-of-phrases=\"13\"><span class=\"Q4iAWc\">und so weiter\u2026 Unsere Mitarbeiter k\u00f6nnen Ihnen viel mehr \u00fcber diese Fahrr\u00e4der erz\u00e4hlen.<\/span><\/span> <span class=\"JLqJ4b ChMk0b\" data-language-for-alternatives=\"de\" data-language-to-translate-into=\"en\" data-phrase-index=\"11\" data-number-of-phrases=\"13\"><span class=\"Q4iAWc\">Wir glauben, dass Besucher Amsterdams es verdient haben, diese Stadt der Freiheit auf einem holl\u00e4ndischen handgefertigten schwarzen Fahrrad zu erleben.<\/span><\/span> <span class=\"JLqJ4b ChMk0b\" data-language-for-alternatives=\"de\" data-language-to-translate-into=\"en\" data-phrase-index=\"12\" data-number-of-phrases=\"13\"><span class=\"Q4iAWc\">Werden Sie einer der Einheimischen.<\/span><\/span>\r\n\r\n&nbsp;\r\n\r\n<strong>Wer sind wir?<\/strong>\r\n\r\n<strong><span class=\"JLqJ4b ChMk0b\" data-language-for-alternatives=\"de\" data-language-to-translate-into=\"en\" data-phrase-index=\"0\" data-number-of-phrases=\"5\"><span class=\"Q4iAWc\">Unsere Mechaniker<\/span><\/span><\/strong>\r\n\r\n<span class=\"JLqJ4b ChMk0b\" data-language-for-alternatives=\"de\" data-language-to-translate-into=\"en\" data-phrase-index=\"0\" data-number-of-phrases=\"5\"><span class=\"Q4iAWc\">Unsere Mechaniker arbeiten jeden Tag im Jahr, um sicherzustellen, dass Ihr Black Bike so f\u00e4hrt, als w\u00e4ren Sie die erste Person, die es jedes Mal f\u00e4hrt!<\/span><\/span>\r\n\r\n<span class=\"JLqJ4b ChMk0b\" data-language-for-alternatives=\"de\" data-language-to-translate-into=\"en\" data-phrase-index=\"2\" data-number-of-phrases=\"5\"><span class=\"Q4iAWc\"><strong>Vermietungsmitarbeiter<\/strong><\/span><\/span>\r\n\r\n<span class=\"JLqJ4b ChMk0b\" data-language-for-alternatives=\"de\" data-language-to-translate-into=\"en\" data-phrase-index=\"4\" data-number-of-phrases=\"5\"><span class=\"Q4iAWc\">Unsere freundlichen Verleihmitarbeiter sind der Grundstein von Black Bikes, ohne sie g\u00e4be es kein Fahrradverleih!<\/span><\/span>\r\n\r\n&nbsp;\r\n\r\n<img loading=\"lazy\" decoding=\"async\" class=\"alignnone size-medium wp-image-27277\" src=\"https:\/\/black-bikes.com\/wp-content\/uploads\/2017\/03\/Portret-supervisors-2-200x300.jpg\" alt=\"\" width=\"200\" height=\"300\" srcset=\"https:\/\/black-bikes.com\/wp-content\/uploads\/2017\/03\/Portret-supervisors-2-200x300.jpg 200w, https:\/\/black-bikes.com\/wp-content\/uploads\/2017\/03\/Portret-supervisors-2-480x720.jpg 480w, https:\/\/black-bikes.com\/wp-content\/uploads\/2017\/03\/Portret-supervisors-2-720x1080.jpg 720w, https:\/\/black-bikes.com\/wp-content\/uploads\/2017\/03\/Portret-supervisors-2-768x1152.jpg 768w, https:\/\/black-bikes.com\/wp-content\/uploads\/2017\/03\/Portret-supervisors-2-1024x1536.jpg 1024w, https:\/\/black-bikes.com\/wp-content\/uploads\/2017\/03\/Portret-supervisors-2-1365x2048.jpg 1365w, https:\/\/black-bikes.com\/wp-content\/uploads\/2017\/03\/Portret-supervisors-2-100x150.jpg 100w, https:\/\/black-bikes.com\/wp-content\/uploads\/2017\/03\/Portret-supervisors-2-43x65.jpg 43w, https:\/\/black-bikes.com\/wp-content\/uploads\/2017\/03\/Portret-supervisors-2-167x250.jpg 167w, https:\/\/black-bikes.com\/wp-content\/uploads\/2017\/03\/Portret-supervisors-2-17x25.jpg 17w, https:\/\/black-bikes.com\/wp-content\/uploads\/2017\/03\/Portret-supervisors-2-scaled.jpg 1707w\" sizes=\"auto, (max-width: 200px) 100vw, 200px\" \/>\r\n<strong>Piet -\u00a0CCO (Chief Cycling Officer)<\/strong>\r\n<span class=\"JLqJ4b ChMk0b\" data-language-for-alternatives=\"de\" data-language-to-translate-into=\"en\" data-phrase-index=\"0\" data-number-of-phrases=\"5\"><span class=\"Q4iAWc\">Arbeitet seit fast 7 Jahren im Fahrradgesch\u00e4ft.<\/span><\/span> <span class=\"JLqJ4b ChMk0b\" data-language-for-alternatives=\"de\" data-language-to-translate-into=\"en\" data-phrase-index=\"2\" data-number-of-phrases=\"5\"><span class=\"Q4iAWc\">Angefangen als Shopmanager, der Fahrr\u00e4der in Amsterdam verkauft und repariert, bis hin zum kaufm\u00e4nnischen Gesamtleiter der Gesch\u00e4fte \"Het Zwarte Fietsenplan\".<\/span><\/span> <span class=\"JLqJ4b ChMk0b\" data-language-for-alternatives=\"de\" data-language-to-translate-into=\"en\" data-phrase-index=\"3\" data-number-of-phrases=\"5\"><span class=\"Q4iAWc\">Mit einem kleinen Intermezzo im Online-Marketing &amp; Vertrieb stieg er 2013 in die Gesch\u00e4ftsleitung ein, um die Verleihabteilung von Black Bikes zu \u00fcbernehmen.<\/span><\/span> <span class=\"JLqJ4b ChMk0b\" data-language-for-alternatives=\"de\" data-language-to-translate-into=\"en\" data-phrase-index=\"4\" data-number-of-phrases=\"5\"><span class=\"Q4iAWc\">Er spielt gerne Metal, was von seinen Kollegen nicht immer gesch\u00e4tzt wird.<\/span><\/span>\r\n\r\n&nbsp;\r\n\r\n<img loading=\"lazy\" decoding=\"async\" class=\"alignnone size-medium wp-image-29359\" src=\"https:\/\/black-bikes.com\/wp-content\/uploads\/2017\/03\/photo-200x300.jpg\" alt=\"\" width=\"200\" height=\"300\" srcset=\"https:\/\/black-bikes.com\/wp-content\/uploads\/2017\/03\/photo-200x300.jpg 200w, https:\/\/black-bikes.com\/wp-content\/uploads\/2017\/03\/photo-480x720.jpg 480w, https:\/\/black-bikes.com\/wp-content\/uploads\/2017\/03\/photo-720x1080.jpg 720w, https:\/\/black-bikes.com\/wp-content\/uploads\/2017\/03\/photo-768x1152.jpg 768w, https:\/\/black-bikes.com\/wp-content\/uploads\/2017\/03\/photo-1024x1536.jpg 1024w, https:\/\/black-bikes.com\/wp-content\/uploads\/2017\/03\/photo-1365x2048.jpg 1365w, https:\/\/black-bikes.com\/wp-content\/uploads\/2017\/03\/photo-100x150.jpg 100w, https:\/\/black-bikes.com\/wp-content\/uploads\/2017\/03\/photo-43x65.jpg 43w, https:\/\/black-bikes.com\/wp-content\/uploads\/2017\/03\/photo-167x250.jpg 167w, https:\/\/black-bikes.com\/wp-content\/uploads\/2017\/03\/photo-17x25.jpg 17w, https:\/\/black-bikes.com\/wp-content\/uploads\/2017\/03\/photo-scaled.jpg 1707w\" sizes=\"auto, (max-width: 200px) 100vw, 200px\" \/>\r\n\r\n<strong>Enzo - Sales Manager<\/strong>\r\n<span class=\"JLqJ4b ChMk0b\" data-language-for-alternatives=\"de\" data-language-to-translate-into=\"en\" data-phrase-index=\"0\" data-number-of-phrases=\"4\"><span class=\"Q4iAWc\">Enzo ist an der wundersch\u00f6nen italienischen Amalfik\u00fcste geboren und aufgewachsen.<\/span><\/span> <span class=\"JLqJ4b ChMk0b\" data-language-for-alternatives=\"de\" data-language-to-translate-into=\"en\" data-phrase-index=\"1\" data-number-of-phrases=\"4\"><span class=\"Q4iAWc\">Dort wurde er in echter urspr\u00fcnglicher Gastfreundschaft geschult und erfahren.<\/span><\/span> <span class=\"JLqJ4b ChMk0b\" data-language-for-alternatives=\"de\" data-language-to-translate-into=\"en\" data-phrase-index=\"2\" data-number-of-phrases=\"4\"><span class=\"Q4iAWc\">Enzo zog vor 2 Jahren mit seiner holl\u00e4ndischen Frau und seinen Kindern nach Amsterdam und arbeitet seitdem f\u00fcr Black Bikes.<\/span><\/span> <span class=\"JLqJ4b ChMk0b\" data-language-for-alternatives=\"de\" data-language-to-translate-into=\"en\" data-phrase-index=\"3\" data-number-of-phrases=\"4\"><span class=\"Q4iAWc\">Hij spreekt al een klein beetje Nederlands.<\/span><\/span>\r\n\r\n<strong><img loading=\"lazy\" decoding=\"async\" class=\"alignnone size-medium wp-image-27273\" src=\"https:\/\/black-bikes.com\/wp-content\/uploads\/2017\/03\/Portret-supervisors-6-200x300.jpg\" alt=\"\" width=\"200\" height=\"300\" srcset=\"https:\/\/black-bikes.com\/wp-content\/uploads\/2017\/03\/Portret-supervisors-6-200x300.jpg 200w, https:\/\/black-bikes.com\/wp-content\/uploads\/2017\/03\/Portret-supervisors-6-480x720.jpg 480w, https:\/\/black-bikes.com\/wp-content\/uploads\/2017\/03\/Portret-supervisors-6-720x1080.jpg 720w, https:\/\/black-bikes.com\/wp-content\/uploads\/2017\/03\/Portret-supervisors-6-768x1152.jpg 768w, https:\/\/black-bikes.com\/wp-content\/uploads\/2017\/03\/Portret-supervisors-6-1024x1536.jpg 1024w, https:\/\/black-bikes.com\/wp-content\/uploads\/2017\/03\/Portret-supervisors-6-1365x2048.jpg 1365w, https:\/\/black-bikes.com\/wp-content\/uploads\/2017\/03\/Portret-supervisors-6-100x150.jpg 100w, https:\/\/black-bikes.com\/wp-content\/uploads\/2017\/03\/Portret-supervisors-6-43x65.jpg 43w, https:\/\/black-bikes.com\/wp-content\/uploads\/2017\/03\/Portret-supervisors-6-167x250.jpg 167w, https:\/\/black-bikes.com\/wp-content\/uploads\/2017\/03\/Portret-supervisors-6-17x25.jpg 17w, https:\/\/black-bikes.com\/wp-content\/uploads\/2017\/03\/Portret-supervisors-6-scaled.jpg 1707w\" sizes=\"auto, (max-width: 200px) 100vw, 200px\" \/><\/strong>\r\n\r\n<strong>Johan \u2013 Supervisor \/ Online Marketeer\r\n<\/strong>\r\n\r\n<span class=\"JLqJ4b ChMk0b\" data-language-for-alternatives=\"de\" data-language-to-translate-into=\"en\" data-phrase-index=\"0\" data-number-of-phrases=\"3\"><span class=\"Q4iAWc\">Johan hat vor vielen Jahren als Praktikant in unserem Unternehmen angefangen (vor dem Smartphone).<\/span><\/span> <span class=\"JLqJ4b ChMk0b\" data-language-for-alternatives=\"de\" data-language-to-translate-into=\"en\" data-phrase-index=\"1\" data-number-of-phrases=\"3\"><span class=\"Q4iAWc\">Im Laufe der Jahre hat Johan erstaunliche Online- und Menschenkenntnisse entwickelt.<\/span><\/span> <span class=\"JLqJ4b ChMk0b\" data-language-for-alternatives=\"de\" data-language-to-translate-into=\"en\" data-phrase-index=\"2\" data-number-of-phrases=\"3\"><span class=\"Q4iAWc\">Warnung: Leg dich nicht mit seinem Energydrink an.<\/span><\/span>\r\n\r\n&nbsp;\r\n\r\n<img loading=\"lazy\" decoding=\"async\" class=\"alignnone size-medium wp-image-27274\" src=\"https:\/\/black-bikes.com\/wp-content\/uploads\/2017\/03\/Portret-Michel-Koek-1-200x300.jpg\" alt=\"\" width=\"200\" height=\"300\" srcset=\"https:\/\/black-bikes.com\/wp-content\/uploads\/2017\/03\/Portret-Michel-Koek-1-200x300.jpg 200w, https:\/\/black-bikes.com\/wp-content\/uploads\/2017\/03\/Portret-Michel-Koek-1-480x720.jpg 480w, https:\/\/black-bikes.com\/wp-content\/uploads\/2017\/03\/Portret-Michel-Koek-1-720x1080.jpg 720w, https:\/\/black-bikes.com\/wp-content\/uploads\/2017\/03\/Portret-Michel-Koek-1-768x1152.jpg 768w, https:\/\/black-bikes.com\/wp-content\/uploads\/2017\/03\/Portret-Michel-Koek-1-1024x1536.jpg 1024w, https:\/\/black-bikes.com\/wp-content\/uploads\/2017\/03\/Portret-Michel-Koek-1-1365x2048.jpg 1365w, https:\/\/black-bikes.com\/wp-content\/uploads\/2017\/03\/Portret-Michel-Koek-1-100x150.jpg 100w, https:\/\/black-bikes.com\/wp-content\/uploads\/2017\/03\/Portret-Michel-Koek-1-43x65.jpg 43w, https:\/\/black-bikes.com\/wp-content\/uploads\/2017\/03\/Portret-Michel-Koek-1-167x250.jpg 167w, https:\/\/black-bikes.com\/wp-content\/uploads\/2017\/03\/Portret-Michel-Koek-1-17x25.jpg 17w, https:\/\/black-bikes.com\/wp-content\/uploads\/2017\/03\/Portret-Michel-Koek-1-scaled.jpg 1707w\" sizes=\"auto, (max-width: 200px) 100vw, 200px\" \/>\r\n\r\n&nbsp;\r\n\r\n<strong>Michel \u2013 Human Resources Manager<\/strong>\r\n\r\n<span class=\"JLqJ4b ChMk0b\" data-language-for-alternatives=\"de\" data-language-to-translate-into=\"en\" data-phrase-index=\"0\" data-number-of-phrases=\"3\"><span class=\"Q4iAWc\">Michel ist so alt wie das Unternehmen und kennt sich am besten aus.<\/span><\/span> <span class=\"JLqJ4b ChMk0b\" data-language-for-alternatives=\"de\" data-language-to-translate-into=\"en\" data-phrase-index=\"1\" data-number-of-phrases=\"3\"><span class=\"Q4iAWc\">Genau wie Johan begann er seine Abschlussarbeit \u00fcber das Unternehmen zu schreiben und arbeitete sich von der Poststelle bis zu seinem jetzigen Standort vor.<\/span><\/span> <span class=\"JLqJ4b ChMk0b\" data-language-for-alternatives=\"de\" data-language-to-translate-into=\"en\" data-phrase-index=\"2\" data-number-of-phrases=\"3\"><span class=\"Q4iAWc\">Er sieht sehr ernst aus, aber \u00fcberpr\u00fcfen Sie ihn auf einer Firmenfeier und sehen Sie den Unterschied.<\/span><\/span>\r\n\r\n&nbsp;\r\n\r\n<strong><img loading=\"lazy\" decoding=\"async\" class=\"alignnone size-medium wp-image-27275\" src=\"https:\/\/black-bikes.com\/wp-content\/uploads\/2017\/03\/Portret-supervisors-1-200x300.jpg\" alt=\"\" width=\"200\" height=\"300\" srcset=\"https:\/\/black-bikes.com\/wp-content\/uploads\/2017\/03\/Portret-supervisors-1-200x300.jpg 200w, https:\/\/black-bikes.com\/wp-content\/uploads\/2017\/03\/Portret-supervisors-1-480x720.jpg 480w, https:\/\/black-bikes.com\/wp-content\/uploads\/2017\/03\/Portret-supervisors-1-720x1080.jpg 720w, https:\/\/black-bikes.com\/wp-content\/uploads\/2017\/03\/Portret-supervisors-1-768x1152.jpg 768w, https:\/\/black-bikes.com\/wp-content\/uploads\/2017\/03\/Portret-supervisors-1-1024x1536.jpg 1024w, https:\/\/black-bikes.com\/wp-content\/uploads\/2017\/03\/Portret-supervisors-1-1365x2048.jpg 1365w, https:\/\/black-bikes.com\/wp-content\/uploads\/2017\/03\/Portret-supervisors-1-100x150.jpg 100w, https:\/\/black-bikes.com\/wp-content\/uploads\/2017\/03\/Portret-supervisors-1-43x65.jpg 43w, https:\/\/black-bikes.com\/wp-content\/uploads\/2017\/03\/Portret-supervisors-1-167x250.jpg 167w, https:\/\/black-bikes.com\/wp-content\/uploads\/2017\/03\/Portret-supervisors-1-17x25.jpg 17w, https:\/\/black-bikes.com\/wp-content\/uploads\/2017\/03\/Portret-supervisors-1-scaled.jpg 1707w\" sizes=\"auto, (max-width: 200px) 100vw, 200px\" \/><\/strong>\r\n\r\n<strong>Job \u2013 Financial Manager<\/strong>\r\n\r\n<span class=\"JLqJ4b ChMk0b\" data-language-for-alternatives=\"de\" data-language-to-translate-into=\"en\" data-phrase-index=\"0\" data-number-of-phrases=\"3\"><span class=\"Q4iAWc\">Der Mann der Zahlen.<\/span><\/span> <span class=\"JLqJ4b ChMk0b\" data-language-for-alternatives=\"de\" data-language-to-translate-into=\"en\" data-phrase-index=\"1\" data-number-of-phrases=\"3\"><span class=\"Q4iAWc\">Job hat die meiste Erfahrung in den gesamten Studienjahren und kennt sich mit Finanzen aus.<\/span><\/span> <span class=\"JLqJ4b ChMk0b\" data-language-for-alternatives=\"de\" data-language-to-translate-into=\"en\" data-phrase-index=\"2\" data-number-of-phrases=\"3\"><span class=\"Q4iAWc\">Job leitet ein ziemlich beeindruckendes Team in unserem B\u00fcro und hat ein scharfes Auge f\u00fcr Unregelm\u00e4\u00dfigkeiten in Excel-Tabellen ... gro\u00dfartig<\/span><\/span>\r\n\r\n<img loading=\"lazy\" decoding=\"async\" class=\"alignnone wp-image-28633\" src=\"https:\/\/black-bikes.com\/wp-content\/uploads\/2017\/03\/v-for-vendetta-300x300.jpg\" alt=\"\" width=\"202\" height=\"202\" srcset=\"https:\/\/black-bikes.com\/wp-content\/uploads\/2017\/03\/v-for-vendetta-300x300.jpg 300w, https:\/\/black-bikes.com\/wp-content\/uploads\/2017\/03\/v-for-vendetta-720x720.jpg 720w, https:\/\/black-bikes.com\/wp-content\/uploads\/2017\/03\/v-for-vendetta-450x450.jpg 450w, https:\/\/black-bikes.com\/wp-content\/uploads\/2017\/03\/v-for-vendetta-768x768.jpg 768w, https:\/\/black-bikes.com\/wp-content\/uploads\/2017\/03\/v-for-vendetta-280x280.jpg 280w, https:\/\/black-bikes.com\/wp-content\/uploads\/2017\/03\/v-for-vendetta-150x150.jpg 150w, https:\/\/black-bikes.com\/wp-content\/uploads\/2017\/03\/v-for-vendetta-50x50.jpg 50w, https:\/\/black-bikes.com\/wp-content\/uploads\/2017\/03\/v-for-vendetta-250x250.jpg 250w, https:\/\/black-bikes.com\/wp-content\/uploads\/2017\/03\/v-for-vendetta-25x25.jpg 25w, https:\/\/black-bikes.com\/wp-content\/uploads\/2017\/03\/v-for-vendetta.jpg 850w\" sizes=\"auto, (max-width: 202px) 100vw, 202px\" \/>\r\n\r\n&nbsp;\r\n\r\n<strong>Vincent\u00a0\u2013\u00a0motivator<\/strong>\r\n\r\n<span class=\"JLqJ4b ChMk0b\" data-language-for-alternatives=\"de\" data-language-to-translate-into=\"en\" data-phrase-index=\"0\" data-number-of-phrases=\"3\"><span class=\"Q4iAWc\">Dieser Mann war fr\u00fcher Koch in hochklassigen Restaurants in ganz Amsterdam.<\/span><\/span> <span class=\"JLqJ4b ChMk0b\" data-language-for-alternatives=\"de\" data-language-to-translate-into=\"en\" data-phrase-index=\"1\" data-number-of-phrases=\"3\"><span class=\"Q4iAWc\">Wir d\u00fcrfen sie nicht nennen, weil er seinen Online-Nichtauftritt sehr mag \u2026 was wir nat\u00fcrlich respektieren.<\/span><\/span> <span class=\"JLqJ4b ChMk0b\" data-language-for-alternatives=\"de\" data-language-to-translate-into=\"en\" data-phrase-index=\"2\" data-number-of-phrases=\"3\"><span class=\"Q4iAWc\">Er arbeitet im Stealth-Modus und ist eine treibende Kraft bei der Motivation unserer Mitarbeiter.<\/span><\/span>\r\n\r\n&nbsp;\r\n\r\n<img loading=\"lazy\" decoding=\"async\" class=\"alignnone wp-image-3524\" src=\"https:\/\/black-bikes.com\/wp-content\/uploads\/2017\/03\/black-bikes-logo-1-2-1.jpg\" alt=\"\" width=\"156\" height=\"110\" srcset=\"https:\/\/black-bikes.com\/wp-content\/uploads\/2017\/03\/black-bikes-logo-1-2-1.jpg 293w, https:\/\/black-bikes.com\/wp-content\/uploads\/2017\/03\/black-bikes-logo-1-2-1-212x150.jpg 212w, https:\/\/black-bikes.com\/wp-content\/uploads\/2017\/03\/black-bikes-logo-1-2-1-50x35.jpg 50w, https:\/\/black-bikes.com\/wp-content\/uploads\/2017\/03\/black-bikes-logo-1-2-1-250x177.jpg 250w, https:\/\/black-bikes.com\/wp-content\/uploads\/2017\/03\/black-bikes-logo-1-2-1-150x106.jpg 150w, https:\/\/black-bikes.com\/wp-content\/uploads\/2017\/03\/black-bikes-logo-1-2-1-25x18.jpg 25w\" sizes=\"auto, (max-width: 156px) 100vw, 156px\" \/>\r\n\r\n<strong>Black Bikes<\/strong>\r\n\r\n<span class=\"JLqJ4b ChMk0b\" data-language-for-alternatives=\"de\" data-language-to-translate-into=\"en\" data-phrase-index=\"0\" data-number-of-phrases=\"9\"><span class=\"Q4iAWc\">Black Bikes geh\u00f6rt der Firma \u201eHet Zwarte Fietsenplan\u201c.<\/span><\/span> <span class=\"JLqJ4b ChMk0b\" data-language-for-alternatives=\"de\" data-language-to-translate-into=\"en\" data-phrase-index=\"1\" data-number-of-phrases=\"9\"><span class=\"Q4iAWc\">Dies ist ein gro\u00dfer und bekannter Fahrradh\u00e4ndler in den Niederlanden.<\/span><\/span> <span class=\"JLqJ4b ChMk0b\" data-language-for-alternatives=\"de\" data-language-to-translate-into=\"en\" data-phrase-index=\"2\" data-number-of-phrases=\"9\"><span class=\"Q4iAWc\">Het Zwarte Fietsenplan liefert nur hochwertige Fahrr\u00e4der, deshalb sind alle Leihfahrr\u00e4der von Black Bikes handgefertigt und von hoher Qualit\u00e4t.<\/span><\/span> <span class=\"JLqJ4b ChMk0b\" data-language-for-alternatives=\"de\" data-language-to-translate-into=\"en\" data-phrase-index=\"4\" data-number-of-phrases=\"9\"><span class=\"Q4iAWc\">Het Zwarte Fietsenplan ist seit 2005 ein Fahrradverkaufsunternehmen. Das Unternehmen begann mit einem Gesch\u00e4ft und hat derzeit 17 Gesch\u00e4fte in den Niederlanden, aber es hat sich zum Ziel gesetzt, noch weiter zu wachsen.<\/span><\/span> <span class=\"JLqJ4b ChMk0b\" data-language-for-alternatives=\"de\" data-language-to-translate-into=\"en\" data-phrase-index=\"5\" data-number-of-phrases=\"9\"><span class=\"Q4iAWc\">Auch Black Bikes erweitert seine Shops.<\/span><\/span> <span class=\"JLqJ4b ChMk0b\" data-language-for-alternatives=\"de\" data-language-to-translate-into=\"en\" data-phrase-index=\"7\" data-number-of-phrases=\"9\"><span class=\"Q4iAWc\">Black Bikes m\u00f6chte es dem Verbraucher leicht machen, indem es Shops in allen Bereichen platziert.<\/span><\/span> <span class=\"JLqJ4b ChMk0b\" data-language-for-alternatives=\"de\" data-language-to-translate-into=\"en\" data-phrase-index=\"8\" data-number-of-phrases=\"9\"><span class=\"Q4iAWc\">Auf diese Weise k\u00f6nnen unsere G\u00e4ste mit unserem Hop-On-Drop-Off-System unseren Service in alle Richtungen genie\u00dfen.|<\/span><\/span>\r\n\r\n<iframe loading=\"lazy\" src=\"https:\/\/www.youtube.com\/embed\/H6VaL7FidoI?showinfo=0\" width=\"560\" height=\"315\" frameborder=\"0\" allowfullscreen=\"allowfullscreen\"><\/iframe>\r\n\r\n<iframe loading=\"lazy\" src=\"https:\/\/www.youtube.com\/embed\/avv0Q6GsMgg?showinfo=0\" width=\"560\" height=\"315\" frameborder=\"0\" allowfullscreen=\"allowfullscreen\"><\/iframe>","protected":false},"excerpt":{"rendered":"<p>Was wir tun Black Bikes ist Teil des in Amsterdam ans\u00e4ssigen Fahrradgesch\u00e4fts \u201eHet Zwarte Fietsenplan\u201c. Jeden Tag reparieren, unterst\u00fctzen und f\u00fchren unsere zertifizierten und professionellen Mechaniker die Amsterdamer mit dem wertvollsten Gegenstand ihrer t\u00e4glichen Routine: dem Fahrrad. Wir tun dies seit mehr als 10 Jahren. Unsere Mitarbeiter haben \u00fcber 300.000 Fahrr\u00e4der repariert &#8230; unsere eigenen [&hellip;]<\/p>\n","protected":false},"author":1,"featured_media":61438,"parent":0,"menu_order":33,"comment_status":"closed","ping_status":"closed","template":"","meta":{"_acf_changed":false,"footnotes":""},"class_list":["post-1390","page","type-page","status-publish","has-post-thumbnail","hentry"],"acf":[],"_links":{"self":[{"href":"https:\/\/black-bikes.com\/de\/wp-json\/wp\/v2\/pages\/1390","targetHints":{"allow":["GET"]}}],"collection":[{"href":"https:\/\/black-bikes.com\/de\/wp-json\/wp\/v2\/pages"}],"about":[{"href":"https:\/\/black-bikes.com\/de\/wp-json\/wp\/v2\/types\/page"}],"author":[{"embeddable":true,"href":"https:\/\/black-bikes.com\/de\/wp-json\/wp\/v2\/users\/1"}],"replies":[{"embeddable":true,"href":"https:\/\/black-bikes.com\/de\/wp-json\/wp\/v2\/comments?post=1390"}],"version-history":[{"count":3,"href":"https:\/\/black-bikes.com\/de\/wp-json\/wp\/v2\/pages\/1390\/revisions"}],"predecessor-version":[{"id":60175,"href":"https:\/\/black-bikes.com\/de\/wp-json\/wp\/v2\/pages\/1390\/revisions\/60175"}],"wp:featuredmedia":[{"embeddable":true,"href":"https:\/\/black-bikes.com\/de\/wp-json\/wp\/v2\/media\/61438"}],"wp:attachment":[{"href":"https:\/\/black-bikes.com\/de\/wp-json\/wp\/v2\/media?parent=1390"}],"curies":[{"name":"wp","href":"https:\/\/api.w.org\/{rel}","templated":true}]}}